{"id":25343,"date":"2025-06-26T19:15:54","date_gmt":"2025-06-26T19:15:54","guid":{"rendered":"https:\/\/admin.parknfly.ca\/?page_id=25343"},"modified":"2025-06-27T18:20:33","modified_gmt":"2025-06-27T18:20:33","slug":"gagnervotresejour","status":"publish","type":"page","link":"https:\/\/www.parknfly.ca\/fr\/gagnervotresejour\/","title":{"rendered":"2025 CAA Atlantic Gagnez Votre Sejour"},"content":{"rendered":"\t\t<div data-elementor-type=\"wp-page\" data-elementor-id=\"25343\" class=\"elementor elementor-25343 elementor-25321\" data-elementor-post-type=\"page\">\n\t\t\t\t\t\t<section class=\"elementor-section elementor-top-section elementor-element elementor-element-654a8d5 elementor-section-height-min-height elementor-section-items-bottom sub-banner elementor-section-boxed elementor-section-height-default\" data-id=\"654a8d5\" data-element_type=\"section\" data-settings=\"{&quot;background_background&quot;:&quot;classic&quot;,&quot;background_motion_fx_motion_fx_scrolling&quot;:&quot;yes&quot;,&quot;background_motion_fx_translateY_effect&quot;:&quot;yes&quot;,&quot;background_motion_fx_translateY_direction&quot;:&quot;negative&quot;,&quot;background_motion_fx_translateY_speed&quot;:{&quot;unit&quot;:&quot;px&quot;,&quot;size&quot;:2.1,&quot;sizes&quot;:[]},&quot;background_motion_fx_translateY_affectedRange&quot;:{&quot;unit&quot;:&quot;%&quot;,&quot;size&quot;:&quot;&quot;,&quot;sizes&quot;:{&quot;start&quot;:0,&quot;end&quot;:100}},&quot;background_motion_fx_devices&quot;:[&quot;desktop&quot;,&quot;tablet&quot;,&quot;mobile&quot;]}\">\n\t\t\t\t\t\t\t<div class=\"elementor-background-overlay\"><\/div>\n\t\t\t\t\t\t\t<div class=\"elementor-container elementor-column-gap-default\">\n\t\t\t\t\t<div class=\"elementor-column elementor-col-100 elementor-top-column elementor-element elementor-element-1e74401\" data-id=\"1e74401\" data-element_type=\"column\">\n\t\t\t<div class=\"elementor-widget-wrap elementor-element-populated\">\n\t\t\t\t\t\t<section class=\"elementor-section elementor-inner-section elementor-element elementor-element-45dc147 elementor-section-full_width elementor-section-height-default elementor-section-height-default\" data-id=\"45dc147\" data-element_type=\"section\">\n\t\t\t\t\t\t<div class=\"elementor-container elementor-column-gap-default\">\n\t\t\t\t\t<div class=\"elementor-column elementor-col-100 elementor-inner-column elementor-element elementor-element-5cb282f\" data-id=\"5cb282f\" data-element_type=\"column\">\n\t\t\t<div class=\"elementor-widget-wrap\">\n\t\t\t\t\t\t\t<\/div>\n\t\t<\/div>\n\t\t\t\t\t<\/div>\n\t\t<\/section>\n\t\t\t\t\t<\/div>\n\t\t<\/div>\n\t\t\t\t\t<\/div>\n\t\t<\/section>\n\t\t\t\t<section class=\"elementor-section elementor-top-section elementor-element elementor-element-d13beb7 elementor-section-boxed elementor-section-height-default elementor-section-height-default\" data-id=\"d13beb7\" data-element_type=\"section\">\n\t\t\t\t\t\t<div class=\"elementor-container elementor-column-gap-default\">\n\t\t\t\t\t<div class=\"elementor-column elementor-col-100 elementor-top-column elementor-element elementor-element-439e540\" data-id=\"439e540\" data-element_type=\"column\">\n\t\t\t<div class=\"elementor-widget-wrap elementor-element-populated\">\n\t\t\t\t\t\t<div class=\"elementor-element elementor-element-52095d8 elementor-widget elementor-widget-heading\" data-id=\"52095d8\" data-element_type=\"widget\" data-widget_type=\"heading.default\">\n\t\t\t\t<div class=\"elementor-widget-container\">\n\t\t\t<h1 class=\"elementor-heading-title elementor-size-default\">GAGNEZ VOTRE S\u00c9JOUR !<\/h1>\t\t<\/div>\n\t\t\t\t<\/div>\n\t\t\t\t\t<\/div>\n\t\t<\/div>\n\t\t\t\t\t<\/div>\n\t\t<\/section>\n\t\t\t\t<section class=\"elementor-section elementor-top-section elementor-element elementor-element-1a04f8b elementor-section-boxed elementor-section-height-default elementor-section-height-default\" data-id=\"1a04f8b\" data-element_type=\"section\">\n\t\t\t\t\t\t<div class=\"elementor-container elementor-column-gap-default\">\n\t\t\t\t\t<div class=\"elementor-column elementor-col-66 elementor-top-column elementor-element elementor-element-8495bf0\" data-id=\"8495bf0\" data-element_type=\"column\">\n\t\t\t<div class=\"elementor-widget-wrap elementor-element-populated\">\n\t\t\t\t\t\t<div class=\"elementor-element elementor-element-af5c922 elementor-widget elementor-widget-text-editor\" data-id=\"af5c922\" data-element_type=\"widget\" data-widget_type=\"text-editor.default\">\n\t\t\t\t<div class=\"elementor-widget-container\">\n\t\t\t\t\t\t\t<p><span data-olk-copy-source=\"MessageBody\">Les membres CAA sont automatiquement inscrits pour avoir la chance de gagner leur s\u00e9jour au moment du paiement. *<\/span><\/p><p>De plus, les membres \u00c9CONOMISENT toujours 20% ou plus et ACCUMULENT 3 % en dollars\u00a0CAA\u00ae.\u00a0Pour profiter du rabais et obtenir vos dollars CAA\u00ae, entrez simplement votre num\u00e9ro de membre CAA dans le champ rabais lorsque vous choisissez les dates et heures de vos voyages, et compl\u00e9tez votre r\u00e9servation!<\/p><p>Visitez www.parknfly.ca pour r\u00e9server votre prochain s\u00e9jour d\u00e8s aujourd\u2019hui!<\/p>\t\t\t\t\t\t<\/div>\n\t\t\t\t<\/div>\n\t\t\t\t\t<\/div>\n\t\t<\/div>\n\t\t\t\t<div class=\"elementor-column elementor-col-33 elementor-top-column elementor-element elementor-element-f38696d\" data-id=\"f38696d\" data-element_type=\"column\">\n\t\t\t<div class=\"elementor-widget-wrap elementor-element-populated\">\n\t\t\t\t\t\t<div class=\"elementor-element elementor-element-07d34d9 elementor-widget elementor-widget-image\" data-id=\"07d34d9\" data-element_type=\"widget\" data-widget_type=\"image.default\">\n\t\t\t\t<div class=\"elementor-widget-container\">\n\t\t\t\t\t\t\t\t\t\t\t\t\t<img fetchpriority=\"high\" decoding=\"async\" width=\"768\" height=\"768\" src=\"https:\/\/www.parknfly.ca\/wp-content\/uploads\/2025\/06\/CAA-ATL-WON-1080x1080-FR-768x768.jpeg\" class=\"attachment-medium_large size-medium_large wp-image-25391\" alt=\"\" srcset=\"https:\/\/www.parknfly.ca\/wp-content\/uploads\/2025\/06\/CAA-ATL-WON-1080x1080-FR-768x768.jpeg 768w, https:\/\/www.parknfly.ca\/wp-content\/uploads\/2025\/06\/CAA-ATL-WON-1080x1080-FR-300x300.jpeg 300w, https:\/\/www.parknfly.ca\/wp-content\/uploads\/2025\/06\/CAA-ATL-WON-1080x1080-FR-1024x1024.jpeg 1024w, https:\/\/www.parknfly.ca\/wp-content\/uploads\/2025\/06\/CAA-ATL-WON-1080x1080-FR-150x150.jpeg 150w, https:\/\/www.parknfly.ca\/wp-content\/uploads\/2025\/06\/CAA-ATL-WON-1080x1080-FR.jpeg 1080w\" sizes=\"(max-width: 768px) 100vw, 768px\" \/>\t\t\t\t\t\t\t\t\t\t\t\t\t<\/div>\n\t\t\t\t<\/div>\n\t\t\t\t\t<\/div>\n\t\t<\/div>\n\t\t\t\t\t<\/div>\n\t\t<\/section>\n\t\t\t\t<section class=\"elementor-section elementor-top-section elementor-element elementor-element-9cc1030 elementor-section-boxed elementor-section-height-default elementor-section-height-default\" data-id=\"9cc1030\" data-element_type=\"section\">\n\t\t\t\t\t\t<div class=\"elementor-container elementor-column-gap-default\">\n\t\t\t\t\t<div class=\"elementor-column elementor-col-100 elementor-top-column elementor-element elementor-element-60ca685\" data-id=\"60ca685\" data-element_type=\"column\">\n\t\t\t<div class=\"elementor-widget-wrap elementor-element-populated\">\n\t\t\t\t\t\t<div class=\"elementor-element elementor-element-fd50806 elementor-widget__width-auto elementor-widget elementor-widget-button\" data-id=\"fd50806\" data-element_type=\"widget\" data-widget_type=\"button.default\">\n\t\t\t\t<div class=\"elementor-widget-container\">\n\t\t\t\t\t\t\t<div class=\"elementor-button-wrapper\">\n\t\t\t\t\t<a class=\"elementor-button elementor-button-link elementor-size-md\" href=\"https:\/\/www.parknfly.ca\/location\/halifax-airport-parking\/\" target=\"_blank\">\n\t\t\t\t\t\t<span class=\"elementor-button-content-wrapper\">\n\t\t\t\t\t\t\t\t\t<span class=\"elementor-button-text\">reserve<\/span>\n\t\t\t\t\t<\/span>\n\t\t\t\t\t<\/a>\n\t\t\t\t<\/div>\n\t\t\t\t\t\t<\/div>\n\t\t\t\t<\/div>\n\t\t\t\t\t<\/div>\n\t\t<\/div>\n\t\t\t\t\t<\/div>\n\t\t<\/section>\n\t\t\t\t<section class=\"elementor-section elementor-top-section elementor-element elementor-element-1666e62 elementor-section-boxed elementor-section-height-default elementor-section-height-default\" data-id=\"1666e62\" data-element_type=\"section\">\n\t\t\t\t\t\t<div class=\"elementor-container elementor-column-gap-default\">\n\t\t\t\t\t<div class=\"elementor-column elementor-col-50 elementor-top-column elementor-element elementor-element-259ee0b\" data-id=\"259ee0b\" data-element_type=\"column\">\n\t\t\t<div class=\"elementor-widget-wrap elementor-element-populated\">\n\t\t\t\t\t\t<div class=\"elementor-element elementor-element-fa05e37 elementor-widget elementor-widget-image\" data-id=\"fa05e37\" data-element_type=\"widget\" data-widget_type=\"image.default\">\n\t\t\t\t<div class=\"elementor-widget-container\">\n\t\t\t\t\t\t\t\t\t\t\t\t\t<img decoding=\"async\" src=\"https:\/\/www.parknfly.ca\/wp-content\/uploads\/elementor\/thumbs\/CAA-Rewards-Logo-FR-PMS-pt7n6wehkbvidkrm4qp6tham66av3up3yu11q7u5p8.jpg\" title=\"CAA Rewards Logo &#8211; FR &#8211; PMS\" alt=\"CAA Rewards Logo - FR - PMS\" loading=\"lazy\" \/>\t\t\t\t\t\t\t\t\t\t\t\t\t<\/div>\n\t\t\t\t<\/div>\n\t\t\t\t\t<\/div>\n\t\t<\/div>\n\t\t\t\t<div class=\"elementor-column elementor-col-50 elementor-top-column elementor-element elementor-element-5b573bc\" data-id=\"5b573bc\" data-element_type=\"column\">\n\t\t\t<div class=\"elementor-widget-wrap elementor-element-populated\">\n\t\t\t\t\t\t<div class=\"elementor-element elementor-element-7d1fc33 elementor-widget elementor-widget-image\" data-id=\"7d1fc33\" data-element_type=\"widget\" data-widget_type=\"image.default\">\n\t\t\t\t<div class=\"elementor-widget-container\">\n\t\t\t\t\t\t\t\t\t\t\t\t\t<img decoding=\"async\" width=\"1092\" height=\"208\" src=\"https:\/\/www.parknfly.ca\/wp-content\/uploads\/2023\/03\/parknfly_website_logo.jpg\" class=\"attachment-full size-full wp-image-19436\" alt=\"\" srcset=\"https:\/\/www.parknfly.ca\/wp-content\/uploads\/2023\/03\/parknfly_website_logo.jpg 1092w, https:\/\/www.parknfly.ca\/wp-content\/uploads\/2023\/03\/parknfly_website_logo-300x57.jpg 300w, https:\/\/www.parknfly.ca\/wp-content\/uploads\/2023\/03\/parknfly_website_logo-1024x195.jpg 1024w, https:\/\/www.parknfly.ca\/wp-content\/uploads\/2023\/03\/parknfly_website_logo-768x146.jpg 768w\" sizes=\"(max-width: 1092px) 100vw, 1092px\" \/>\t\t\t\t\t\t\t\t\t\t\t\t\t<\/div>\n\t\t\t\t<\/div>\n\t\t\t\t\t<\/div>\n\t\t<\/div>\n\t\t\t\t\t<\/div>\n\t\t<\/section>\n\t\t\t\t<section class=\"elementor-section elementor-top-section elementor-element elementor-element-de72a8a elementor-section-boxed elementor-section-height-default elementor-section-height-default\" data-id=\"de72a8a\" data-element_type=\"section\">\n\t\t\t\t\t\t<div class=\"elementor-container elementor-column-gap-default\">\n\t\t\t\t\t<div class=\"elementor-column elementor-col-100 elementor-top-column elementor-element elementor-element-f77fc9e\" data-id=\"f77fc9e\" data-element_type=\"column\">\n\t\t\t<div class=\"elementor-widget-wrap elementor-element-populated\">\n\t\t\t\t\t\t<div class=\"elementor-element elementor-element-7f0501a elementor-widget-divider--view-line elementor-widget elementor-widget-divider\" data-id=\"7f0501a\" data-element_type=\"widget\" data-widget_type=\"divider.default\">\n\t\t\t\t<div class=\"elementor-widget-container\">\n\t\t\t\t\t<div class=\"elementor-divider\">\n\t\t\t<span class=\"elementor-divider-separator\">\n\t\t\t\t\t\t<\/span>\n\t\t<\/div>\n\t\t\t\t<\/div>\n\t\t\t\t<\/div>\n\t\t\t\t<div class=\"elementor-element elementor-element-509aa2f elementor-widget elementor-widget-text-editor\" data-id=\"509aa2f\" data-element_type=\"widget\" data-widget_type=\"text-editor.default\">\n\t\t\t\t<div class=\"elementor-widget-container\">\n\t\t\t\t\t\t\t<p><strong>P\u00e9riode du concours :<\/strong> Du 14 juillet au 22 ao\u00fbt 2025. Prix : Il y a 1 prix hebdomadaire \u00e0 gagner, avec un total de 6 prix \u00e0 gagner pendant la p\u00e9riode du concours. Chaque prix consiste en un s\u00e9jour de stationnement gratuit d&#8217;une dur\u00e9e maximale de 30 jours \u00e0 l\u2019emplacement Park&#8217;N Fly de Halifax. Comment participer : Le concours est r\u00e9serv\u00e9 aux membres CAA. Aucune participation requise. Les membres CAA effectuant une transaction \u00e0 l\u2019emplacement Park&#8217;N Fly de Halifax pendant la p\u00e9riode du concours ont une chance de gagner. Au moment du paiement, les membres pr\u00e9sentant leur carte \u00e0 la caisse auront une chance de gagner leur s\u00e9jour gratuit. Les chances de gagner d\u00e9pendent du nombre de s\u00e9jours admissibles dont le paiement aura \u00e9t\u00e9 effectu\u00e9 \u00e0 cette date de tirage ou du nombre de participations re\u00e7ues pendant la p\u00e9riode du concours. Le concours est disponible \u00e0 l\u2019emplacement de Halifax seulement. *Rabais sur les tarifs r\u00e9guliers au d\u00e9tail. Doit \u00eatre pr\u00e9sent\u00e9 une carte de membre CAA valide, les clubs affili\u00e9s \u00e0 CAA International sur votre carte de membre du club. \u00aeLes marques de commerce appartenant \u00e0 et utilis\u00e9es sont accord\u00e9es par l&#8217;Association canadienne des automobilistes et \u2122 les marques de commerce de l&#8217;Association canadienne des automobilistes. L&#8217;offre ne s&#8217;applique pas au programme A\u00e9roplan et ne peut \u00eatre jumel\u00e9e \u00e0 aucune autre offre ou r\u00e9duction. Aucun achat requis. Certaines conditions s&#8217;appliquent. Pour consulter les r\u00e8glements du concours, visitez www.parknfly.ca\/caa-rules.<\/p>\t\t\t\t\t\t<\/div>\n\t\t\t\t<\/div>\n\t\t\t\t\t<\/div>\n\t\t<\/div>\n\t\t\t\t\t<\/div>\n\t\t<\/section>\n\t\t\t\t<\/div>\n\t\t","protected":false},"excerpt":{"rendered":"<p>GAGNEZ VOTRE S\u00c9JOUR ! Les membres CAA sont automatiquement inscrits pour avoir la chance de gagner leur s\u00e9jour au moment du paiement. * De plus, les membres \u00c9CONOMISENT toujours 20% ou plus et ACCUMULENT 3 % en dollars\u00a0CAA\u00ae.\u00a0Pour profiter du rabais et obtenir vos dollars CAA\u00ae, entrez simplement votre num\u00e9ro de membre CAA dans le &hellip; <a href=\"https:\/\/www.parknfly.ca\/fr\/gagnervotresejour\/\">Continuer<\/a><\/p>\n","protected":false},"author":29,"featured_media":0,"parent":0,"menu_order":0,"comment_status":"closed","ping_status":"closed","template":"","meta":{"_acf_changed":false,"_monsterinsights_skip_tracking":false,"_monsterinsights_sitenote_active":false,"_monsterinsights_sitenote_note":"","_monsterinsights_sitenote_category":0,"footnotes":""},"yst_prominent_words":[2557],"class_list":["post-25343","page","type-page","status-publish","hentry"],"acf":[],"_links":{"self":[{"href":"https:\/\/www.parknfly.ca\/fr\/wp-json\/wp\/v2\/pages\/25343","targetHints":{"allow":["GET"]}}],"collection":[{"href":"https:\/\/www.parknfly.ca\/fr\/wp-json\/wp\/v2\/pages"}],"about":[{"href":"https:\/\/www.parknfly.ca\/fr\/wp-json\/wp\/v2\/types\/page"}],"author":[{"embeddable":true,"href":"https:\/\/www.parknfly.ca\/fr\/wp-json\/wp\/v2\/users\/29"}],"replies":[{"embeddable":true,"href":"https:\/\/www.parknfly.ca\/fr\/wp-json\/wp\/v2\/comments?post=25343"}],"version-history":[{"count":22,"href":"https:\/\/www.parknfly.ca\/fr\/wp-json\/wp\/v2\/pages\/25343\/revisions"}],"predecessor-version":[{"id":25396,"href":"https:\/\/www.parknfly.ca\/fr\/wp-json\/wp\/v2\/pages\/25343\/revisions\/25396"}],"wp:attachment":[{"href":"https:\/\/www.parknfly.ca\/fr\/wp-json\/wp\/v2\/media?parent=25343"}],"wp:term":[{"taxonomy":"yst_prominent_words","embeddable":true,"href":"https:\/\/www.parknfly.ca\/fr\/wp-json\/wp\/v2\/yst_prominent_words?post=25343"}],"curies":[{"name":"wp","href":"https:\/\/api.w.org\/{rel}","templated":true}]}}