{"id":25101,"date":"2025-05-30T22:30:32","date_gmt":"2025-05-30T22:30:32","guid":{"rendered":"https:\/\/admin.parknfly.ca\/?page_id=25101"},"modified":"2025-06-13T15:34:08","modified_gmt":"2025-06-13T15:34:08","slug":"offre-dete","status":"publish","type":"page","link":"https:\/\/www.parknfly.ca\/fr\/offre-dete\/","title":{"rendered":"L\u2019offre des tarifs d\u2019\u00e9t\u00e9 de long s\u00e9jour"},"content":{"rendered":"\t\t<div data-elementor-type=\"wp-page\" data-elementor-id=\"25101\" class=\"elementor elementor-25101 elementor-24948\" data-elementor-post-type=\"page\">\n\t\t\t\t\t\t<section class=\"elementor-section elementor-top-section elementor-element elementor-element-654a8d5 elementor-section-height-min-height elementor-section-items-bottom sub-banner elementor-section-boxed elementor-section-height-default\" data-id=\"654a8d5\" data-element_type=\"section\" data-settings=\"{&quot;background_background&quot;:&quot;classic&quot;}\">\n\t\t\t\t\t\t\t<div class=\"elementor-background-overlay\"><\/div>\n\t\t\t\t\t\t\t<div class=\"elementor-container elementor-column-gap-default\">\n\t\t\t\t\t<div class=\"elementor-column elementor-col-100 elementor-top-column elementor-element elementor-element-1e74401\" data-id=\"1e74401\" data-element_type=\"column\">\n\t\t\t<div class=\"elementor-widget-wrap elementor-element-populated\">\n\t\t\t\t\t\t<div class=\"elementor-element elementor-element-49f9d31 elementor-widget elementor-widget-heading\" data-id=\"49f9d31\" data-element_type=\"widget\" data-widget_type=\"heading.default\">\n\t\t\t\t<div class=\"elementor-widget-container\">\n\t\t\t<h1 class=\"elementor-heading-title elementor-size-default\">Stationnez-vous jusqu\u2019\u00e0 28 jours pour un tarif forfaitaire\n<br>\n<br><\/h1>\t\t<\/div>\n\t\t\t\t<\/div>\n\t\t\t\t\t<\/div>\n\t\t<\/div>\n\t\t\t\t\t<\/div>\n\t\t<\/section>\n\t\t\t\t<section class=\"elementor-section elementor-top-section elementor-element elementor-element-66b5db6 elementor-section-boxed elementor-section-height-default elementor-section-height-default\" data-id=\"66b5db6\" data-element_type=\"section\">\n\t\t\t\t\t\t<div class=\"elementor-container elementor-column-gap-default\">\n\t\t\t\t\t<div class=\"elementor-column elementor-col-100 elementor-top-column elementor-element elementor-element-e50ed39\" data-id=\"e50ed39\" data-element_type=\"column\">\n\t\t\t<div class=\"elementor-widget-wrap elementor-element-populated\">\n\t\t\t\t\t\t<div class=\"elementor-element elementor-element-e338f57 elementor-widget elementor-widget-spacer\" data-id=\"e338f57\" data-element_type=\"widget\" data-widget_type=\"spacer.default\">\n\t\t\t\t<div class=\"elementor-widget-container\">\n\t\t\t\t\t<div class=\"elementor-spacer\">\n\t\t\t<div class=\"elementor-spacer-inner\"><\/div>\n\t\t<\/div>\n\t\t\t\t<\/div>\n\t\t\t\t<\/div>\n\t\t\t\t\t<\/div>\n\t\t<\/div>\n\t\t\t\t\t<\/div>\n\t\t<\/section>\n\t\t\t\t<section class=\"elementor-section elementor-top-section elementor-element elementor-element-b9deb8b elementor-section-boxed elementor-section-height-default elementor-section-height-default\" data-id=\"b9deb8b\" data-element_type=\"section\">\n\t\t\t\t\t\t<div class=\"elementor-container elementor-column-gap-default\">\n\t\t\t\t\t<div class=\"elementor-column elementor-col-100 elementor-top-column elementor-element elementor-element-efd1412\" data-id=\"efd1412\" data-element_type=\"column\">\n\t\t\t<div class=\"elementor-widget-wrap elementor-element-populated\">\n\t\t\t\t\t\t\t<\/div>\n\t\t<\/div>\n\t\t\t\t\t<\/div>\n\t\t<\/section>\n\t\t\t\t<section class=\"elementor-section elementor-top-section elementor-element elementor-element-d71c257 elementor-section-boxed elementor-section-height-default elementor-section-height-default\" data-id=\"d71c257\" data-element_type=\"section\">\n\t\t\t\t\t\t<div class=\"elementor-container elementor-column-gap-default\">\n\t\t\t\t\t<div class=\"elementor-column elementor-col-100 elementor-top-column elementor-element elementor-element-7141efb\" data-id=\"7141efb\" data-element_type=\"column\">\n\t\t\t<div class=\"elementor-widget-wrap elementor-element-populated\">\n\t\t\t\t\t\t<div class=\"elementor-element elementor-element-4a4450e elementor-widget elementor-widget-text-editor\" data-id=\"4a4450e\" data-element_type=\"widget\" data-widget_type=\"text-editor.default\">\n\t\t\t\t<div class=\"elementor-widget-container\">\n\t\t\t\t\t\t\t<p>Les voyageurs canadiens avis\u00e9s aiment \u00e9conomiser.<\/p><p>Pour une p\u00e9riode limit\u00e9e, voyagez intelligemment d\u00e8s le d\u00e9part et plus vous s\u00e9journez longtemps, plus vous \u00e9conomisez.<\/p><p>\u2705 Jusqu\u2019\u00e0 28 jours de stationnement<br \/>\u2705 Un tarif forfaitaire bas<br \/>\u2705 D\u2019\u00e9normes \u00e9conomies sur les s\u00e9jours \u00e0 court et long termes<\/p><p>R\u00e9servez d\u00e8s maintenant\u00a0pour garantir vos \u00e9conomies d\u2019\u00e9t\u00e9. Des conditions s\u2019appliquent.*<\/p>\t\t\t\t\t\t<\/div>\n\t\t\t\t<\/div>\n\t\t\t\t\t<\/div>\n\t\t<\/div>\n\t\t\t\t\t<\/div>\n\t\t<\/section>\n\t\t\t\t<section class=\"elementor-section elementor-top-section elementor-element elementor-element-3f1daaa elementor-section-boxed elementor-section-height-default elementor-section-height-default\" data-id=\"3f1daaa\" data-element_type=\"section\">\n\t\t\t\t\t\t<div class=\"elementor-container elementor-column-gap-default\">\n\t\t\t\t\t<div class=\"elementor-column elementor-col-33 elementor-top-column elementor-element elementor-element-18962f5\" data-id=\"18962f5\" data-element_type=\"column\">\n\t\t\t<div class=\"elementor-widget-wrap\">\n\t\t\t\t\t\t\t<\/div>\n\t\t<\/div>\n\t\t\t\t<div class=\"elementor-column elementor-col-33 elementor-top-column elementor-element elementor-element-b814913\" data-id=\"b814913\" data-element_type=\"column\">\n\t\t\t<div class=\"elementor-widget-wrap elementor-element-populated\">\n\t\t\t\t\t\t<div class=\"elementor-element elementor-element-fec0dc0 elementor-align-center elementor-widget elementor-widget-button\" data-id=\"fec0dc0\" data-element_type=\"widget\" data-widget_type=\"button.default\">\n\t\t\t\t<div class=\"elementor-widget-container\">\n\t\t\t\t\t\t\t<div class=\"elementor-button-wrapper\">\n\t\t\t\t\t<a class=\"elementor-button elementor-button-link elementor-size-xl\" href=\"http:\/\/www.parknfly.ca\" target=\"_blank\">\n\t\t\t\t\t\t<span class=\"elementor-button-content-wrapper\">\n\t\t\t\t\t\t\t\t\t<span class=\"elementor-button-text\">R\u00e9servez<\/span>\n\t\t\t\t\t<\/span>\n\t\t\t\t\t<\/a>\n\t\t\t\t<\/div>\n\t\t\t\t\t\t<\/div>\n\t\t\t\t<\/div>\n\t\t\t\t\t<\/div>\n\t\t<\/div>\n\t\t\t\t<div class=\"elementor-column elementor-col-33 elementor-top-column elementor-element elementor-element-4c6df5d\" data-id=\"4c6df5d\" data-element_type=\"column\">\n\t\t\t<div class=\"elementor-widget-wrap\">\n\t\t\t\t\t\t\t<\/div>\n\t\t<\/div>\n\t\t\t\t\t<\/div>\n\t\t<\/section>\n\t\t\t\t<section class=\"elementor-section elementor-top-section elementor-element elementor-element-de72a8a elementor-section-boxed elementor-section-height-default elementor-section-height-default\" data-id=\"de72a8a\" data-element_type=\"section\">\n\t\t\t\t\t\t<div class=\"elementor-container elementor-column-gap-default\">\n\t\t\t\t\t<div class=\"elementor-column elementor-col-100 elementor-top-column elementor-element elementor-element-f77fc9e\" data-id=\"f77fc9e\" data-element_type=\"column\">\n\t\t\t<div class=\"elementor-widget-wrap elementor-element-populated\">\n\t\t\t\t\t\t<div class=\"elementor-element elementor-element-7f0501a elementor-widget-divider--view-line elementor-widget elementor-widget-divider\" data-id=\"7f0501a\" data-element_type=\"widget\" data-widget_type=\"divider.default\">\n\t\t\t\t<div class=\"elementor-widget-container\">\n\t\t\t\t\t<div class=\"elementor-divider\">\n\t\t\t<span class=\"elementor-divider-separator\">\n\t\t\t\t\t\t<\/span>\n\t\t<\/div>\n\t\t\t\t<\/div>\n\t\t\t\t<\/div>\n\t\t\t\t<div class=\"elementor-element elementor-element-509aa2f elementor-widget elementor-widget-text-editor\" data-id=\"509aa2f\" data-element_type=\"widget\" data-widget_type=\"text-editor.default\">\n\t\t\t\t<div class=\"elementor-widget-container\">\n\t\t\t\t\t\t\t<p>*R\u00e9servation obligatoire. Tous les tarifs et suppl\u00e9ments sont assujettis aux taxes applicables et ne peuvent \u00eatre r\u00e9duits. Les tarifs peuvent \u00eatre modifi\u00e9s sans pr\u00e9avis. Des conditions s&#8217;appliquent. Offre d&#8217;une dur\u00e9e limit\u00e9e. Tarifs longue dur\u00e9e valables pour les s\u00e9jours de 28 jours cons\u00e9cutifs ou moins. Offre longue dur\u00e9e valable dans les \u00e9tablissements participants. Saisissez vos dates de voyage dans l&#8217;application Park&#8217;N Fly ou sur www.parknfly.ca pour valider la disponibilit\u00e9 de l&#8217;offre. Le programme de r\u00e9compenses Park&#8217;N Fly et l&#8217;application ne sont pas disponibles \u00e0 Halifax. Park&#8217;N Fly est une marque de commerce d\u00e9pos\u00e9e de Park&#8217;N Fly Canada Inc.<\/p><p>\u00a0<\/p>\t\t\t\t\t\t<\/div>\n\t\t\t\t<\/div>\n\t\t\t\t\t<\/div>\n\t\t<\/div>\n\t\t\t\t\t<\/div>\n\t\t<\/section>\n\t\t\t\t<\/div>\n\t\t","protected":false},"excerpt":{"rendered":"<p>Stationnez-vous jusqu\u2019\u00e0 28 jours pour un tarif forfaitaire Les voyageurs canadiens avis\u00e9s aiment \u00e9conomiser. Pour une p\u00e9riode limit\u00e9e, voyagez intelligemment d\u00e8s le d\u00e9part et plus vous s\u00e9journez longtemps, plus vous \u00e9conomisez. \u2705 Jusqu\u2019\u00e0 28 jours de stationnement \u2705 Un tarif forfaitaire bas \u2705 D\u2019\u00e9normes \u00e9conomies sur les s\u00e9jours \u00e0 court et long termes R\u00e9servez d\u00e8s &hellip; <a href=\"https:\/\/www.parknfly.ca\/fr\/offre-dete\/\">Continuer<\/a><\/p>\n","protected":false},"author":10,"featured_media":0,"parent":0,"menu_order":0,"comment_status":"closed","ping_status":"closed","template":"","meta":{"_acf_changed":false,"_monsterinsights_skip_tracking":false,"_monsterinsights_sitenote_active":false,"_monsterinsights_sitenote_note":"","_monsterinsights_sitenote_category":0,"footnotes":""},"yst_prominent_words":[2570,38],"class_list":["post-25101","page","type-page","status-publish","hentry"],"acf":[],"_links":{"self":[{"href":"https:\/\/www.parknfly.ca\/fr\/wp-json\/wp\/v2\/pages\/25101","targetHints":{"allow":["GET"]}}],"collection":[{"href":"https:\/\/www.parknfly.ca\/fr\/wp-json\/wp\/v2\/pages"}],"about":[{"href":"https:\/\/www.parknfly.ca\/fr\/wp-json\/wp\/v2\/types\/page"}],"author":[{"embeddable":true,"href":"https:\/\/www.parknfly.ca\/fr\/wp-json\/wp\/v2\/users\/10"}],"replies":[{"embeddable":true,"href":"https:\/\/www.parknfly.ca\/fr\/wp-json\/wp\/v2\/comments?post=25101"}],"version-history":[{"count":26,"href":"https:\/\/www.parknfly.ca\/fr\/wp-json\/wp\/v2\/pages\/25101\/revisions"}],"predecessor-version":[{"id":25308,"href":"https:\/\/www.parknfly.ca\/fr\/wp-json\/wp\/v2\/pages\/25101\/revisions\/25308"}],"wp:attachment":[{"href":"https:\/\/www.parknfly.ca\/fr\/wp-json\/wp\/v2\/media?parent=25101"}],"wp:term":[{"taxonomy":"yst_prominent_words","embeddable":true,"href":"https:\/\/www.parknfly.ca\/fr\/wp-json\/wp\/v2\/yst_prominent_words?post=25101"}],"curies":[{"name":"wp","href":"https:\/\/api.w.org\/{rel}","templated":true}]}}