{"id":24976,"date":"2025-05-23T20:36:48","date_gmt":"2025-05-23T20:36:48","guid":{"rendered":"https:\/\/admin.parknfly.ca\/?page_id=24976"},"modified":"2025-06-06T19:35:43","modified_gmt":"2025-06-06T19:35:43","slug":"paris","status":"publish","type":"page","link":"https:\/\/www.parknfly.ca\/fr\/paris\/","title":{"rendered":"Transat Paris 2025"},"content":{"rendered":"\t\t<div data-elementor-type=\"wp-page\" data-elementor-id=\"24976\" class=\"elementor elementor-24976 elementor-24895\" data-elementor-post-type=\"page\">\n\t\t\t\t\t\t<section class=\"elementor-section elementor-top-section elementor-element elementor-element-654a8d5 elementor-section-height-min-height elementor-section-items-bottom sub-banner elementor-section-boxed elementor-section-height-default\" data-id=\"654a8d5\" data-element_type=\"section\" data-settings=\"{&quot;background_background&quot;:&quot;classic&quot;}\">\n\t\t\t\t\t\t\t<div class=\"elementor-background-overlay\"><\/div>\n\t\t\t\t\t\t\t<div class=\"elementor-container elementor-column-gap-default\">\n\t\t\t\t\t<div class=\"elementor-column elementor-col-100 elementor-top-column elementor-element elementor-element-1e74401\" data-id=\"1e74401\" data-element_type=\"column\">\n\t\t\t<div class=\"elementor-widget-wrap elementor-element-populated\">\n\t\t\t\t\t\t<div class=\"elementor-element elementor-element-49f9d31 elementor-widget elementor-widget-heading\" data-id=\"49f9d31\" data-element_type=\"widget\" data-widget_type=\"heading.default\">\n\t\t\t\t<div class=\"elementor-widget-container\">\n\t\t\t<h1 class=\"elementor-heading-title elementor-size-default\">Gagnez votre voyage vers Paris!<br>Bonne Chance<br><br><\/h1>\t\t<\/div>\n\t\t\t\t<\/div>\n\t\t\t\t\t<\/div>\n\t\t<\/div>\n\t\t\t\t\t<\/div>\n\t\t<\/section>\n\t\t\t\t<section class=\"elementor-section elementor-top-section elementor-element elementor-element-66b5db6 elementor-section-boxed elementor-section-height-default elementor-section-height-default\" data-id=\"66b5db6\" data-element_type=\"section\">\n\t\t\t\t\t\t<div class=\"elementor-container elementor-column-gap-default\">\n\t\t\t\t\t<div class=\"elementor-column elementor-col-100 elementor-top-column elementor-element elementor-element-e50ed39\" data-id=\"e50ed39\" data-element_type=\"column\">\n\t\t\t<div class=\"elementor-widget-wrap elementor-element-populated\">\n\t\t\t\t\t\t<div class=\"elementor-element elementor-element-e338f57 elementor-widget elementor-widget-spacer\" data-id=\"e338f57\" data-element_type=\"widget\" data-widget_type=\"spacer.default\">\n\t\t\t\t<div class=\"elementor-widget-container\">\n\t\t\t\t\t<div class=\"elementor-spacer\">\n\t\t\t<div class=\"elementor-spacer-inner\"><\/div>\n\t\t<\/div>\n\t\t\t\t<\/div>\n\t\t\t\t<\/div>\n\t\t\t\t\t<\/div>\n\t\t<\/div>\n\t\t\t\t\t<\/div>\n\t\t<\/section>\n\t\t\t\t<section class=\"elementor-section elementor-top-section elementor-element elementor-element-b9deb8b elementor-section-boxed elementor-section-height-default elementor-section-height-default\" data-id=\"b9deb8b\" data-element_type=\"section\">\n\t\t\t\t\t\t<div class=\"elementor-container elementor-column-gap-default\">\n\t\t\t\t\t<div class=\"elementor-column elementor-col-100 elementor-top-column elementor-element elementor-element-efd1412\" data-id=\"efd1412\" data-element_type=\"column\">\n\t\t\t<div class=\"elementor-widget-wrap elementor-element-populated\">\n\t\t\t\t\t\t<div class=\"elementor-element elementor-element-0ea4e24 elementor-widget__width-initial elementor-widget elementor-widget-heading\" data-id=\"0ea4e24\" data-element_type=\"widget\" data-widget_type=\"heading.default\">\n\t\t\t\t<div class=\"elementor-widget-container\">\n\t\t\t<h2 class=\"elementor-heading-title elementor-size-default\">Cet \u00e9t\u00e9, Park\u2019N Fly vous offre la chance de GAGNER un voyage pour 2 EN FRANCE, \u00c0 PARIS!<\/h2>\t\t<\/div>\n\t\t\t\t<\/div>\n\t\t\t\t\t<\/div>\n\t\t<\/div>\n\t\t\t\t\t<\/div>\n\t\t<\/section>\n\t\t\t\t<section class=\"elementor-section elementor-top-section elementor-element elementor-element-d71c257 elementor-section-boxed elementor-section-height-default elementor-section-height-default\" data-id=\"d71c257\" data-element_type=\"section\">\n\t\t\t\t\t\t<div class=\"elementor-container elementor-column-gap-default\">\n\t\t\t\t\t<div class=\"elementor-column elementor-col-100 elementor-top-column elementor-element elementor-element-7141efb\" data-id=\"7141efb\" data-element_type=\"column\">\n\t\t\t<div class=\"elementor-widget-wrap elementor-element-populated\">\n\t\t\t\t\t\t<div class=\"elementor-element elementor-element-4a4450e elementor-widget elementor-widget-text-editor\" data-id=\"4a4450e\" data-element_type=\"widget\" data-widget_type=\"text-editor.default\">\n\t\t\t\t<div class=\"elementor-widget-container\">\n\t\t\t\t\t\t\t<p>Park&#8217;N Fly et Transat se sont encore une fois associ\u00e9s pour offrir \u00e0 un duo sp\u00e9cial le voyage de leur vie!<\/p><p>C\u2019est vrai ! Vous pouvez participer et GAGNER un voyage \u00e0 Paris, en France pour 2, GRATUITEMENT !<\/p><p>Un heureux gagnant du grand prix recevra:<\/p><ul><li>Billets d\u2019avion pour deux au d\u00e9part de Toronto ou de Montr\u00e9al * \u00e0 destination de Paris, en France<\/li><li>\u2022 7 nuits \u00e0 <span style=\"color: #408a36;\"><b><u>l\u2019H\u00f4tel Op\u00e9ra de Paris, membre du groupe Melia Hotels<\/u><\/b><\/span><\/li><li>De plus, il recevra 8 jours de stationnement GRATUIT gracieuset\u00e9 de Park\u2019N Fly\u00a0<\/li><\/ul><p><span lang=\"FR-CA\">Le grand prix est \u00e9valu\u00e9 \u00e0 <b>4303,00$ CDN !<\/b><\/span><\/p><p><span lang=\"FR-CA\"><b>De plus<\/b>, entrez votre num\u00e9ro de billet ou du re\u00e7u de votre s\u00e9jour de stationnement chez Park&#8217;N Fly entre le 9 juin et le 25 juillet dans le formulaire de participation au concours pour recevoir une <b>PARTICIPATION BONUS!<\/b><\/span><\/p><p>\u00a0<\/p><p><span lang=\"FR-CA\">Participez avant le 25 juillet pour avoir la chance de gagner un voyage dans la ville la plus romantique du monde. Bonne chance!<\/span><\/p>\t\t\t\t\t\t<\/div>\n\t\t\t\t<\/div>\n\t\t\t\t\t<\/div>\n\t\t<\/div>\n\t\t\t\t\t<\/div>\n\t\t<\/section>\n\t\t\t\t<section class=\"elementor-section elementor-top-section elementor-element elementor-element-3f1daaa elementor-section-boxed elementor-section-height-default elementor-section-height-default\" data-id=\"3f1daaa\" data-element_type=\"section\">\n\t\t\t\t\t\t<div class=\"elementor-container elementor-column-gap-default\">\n\t\t\t\t\t<div class=\"elementor-column elementor-col-33 elementor-top-column elementor-element elementor-element-18962f5\" data-id=\"18962f5\" data-element_type=\"column\">\n\t\t\t<div class=\"elementor-widget-wrap\">\n\t\t\t\t\t\t\t<\/div>\n\t\t<\/div>\n\t\t\t\t<div class=\"elementor-column elementor-col-33 elementor-top-column elementor-element elementor-element-b814913\" data-id=\"b814913\" data-element_type=\"column\">\n\t\t\t<div class=\"elementor-widget-wrap elementor-element-populated\">\n\t\t\t\t\t\t<div class=\"elementor-element elementor-element-fec0dc0 elementor-align-center elementor-widget elementor-widget-button\" data-id=\"fec0dc0\" data-element_type=\"widget\" data-widget_type=\"button.default\">\n\t\t\t\t<div class=\"elementor-widget-container\">\n\t\t\t\t\t\t\t<div class=\"elementor-button-wrapper\">\n\t\t\t\t\t<a class=\"elementor-button elementor-button-link elementor-size-xl\" href=\"https:\/\/www.surveymonkey.com\/r\/ZRXS68L\" target=\"_blank\">\n\t\t\t\t\t\t<span class=\"elementor-button-content-wrapper\">\n\t\t\t\t\t\t\t\t\t<span class=\"elementor-button-text\">PARTICIPEZ D\u00c8S AUJOURD\u2019HUI<\/span>\n\t\t\t\t\t<\/span>\n\t\t\t\t\t<\/a>\n\t\t\t\t<\/div>\n\t\t\t\t\t\t<\/div>\n\t\t\t\t<\/div>\n\t\t\t\t<div class=\"elementor-element elementor-element-407abc6 elementor-widget elementor-widget-text-editor\" data-id=\"407abc6\" data-element_type=\"widget\" data-widget_type=\"text-editor.default\">\n\t\t\t\t<div class=\"elementor-widget-container\">\n\t\t\t\t\t\t\t<p>Aucun achat n\u00e9cessaire.<\/p>\t\t\t\t\t\t<\/div>\n\t\t\t\t<\/div>\n\t\t\t\t\t<\/div>\n\t\t<\/div>\n\t\t\t\t<div class=\"elementor-column elementor-col-33 elementor-top-column elementor-element elementor-element-4c6df5d\" data-id=\"4c6df5d\" data-element_type=\"column\">\n\t\t\t<div class=\"elementor-widget-wrap\">\n\t\t\t\t\t\t\t<\/div>\n\t\t<\/div>\n\t\t\t\t\t<\/div>\n\t\t<\/section>\n\t\t\t\t<section class=\"elementor-section elementor-top-section elementor-element elementor-element-c9d1927 elementor-section-boxed elementor-section-height-default elementor-section-height-default\" data-id=\"c9d1927\" data-element_type=\"section\">\n\t\t\t\t\t\t<div class=\"elementor-container elementor-column-gap-default\">\n\t\t\t\t\t<div class=\"elementor-column elementor-col-33 elementor-top-column elementor-element elementor-element-ab51601\" data-id=\"ab51601\" data-element_type=\"column\">\n\t\t\t<div class=\"elementor-widget-wrap elementor-element-populated\">\n\t\t\t\t\t\t<div class=\"elementor-element elementor-element-252976b elementor-widget elementor-widget-spacer\" data-id=\"252976b\" data-element_type=\"widget\" data-widget_type=\"spacer.default\">\n\t\t\t\t<div class=\"elementor-widget-container\">\n\t\t\t\t\t<div class=\"elementor-spacer\">\n\t\t\t<div class=\"elementor-spacer-inner\"><\/div>\n\t\t<\/div>\n\t\t\t\t<\/div>\n\t\t\t\t<\/div>\n\t\t\t\t<div class=\"elementor-element elementor-element-277788b elementor-widget elementor-widget-image\" data-id=\"277788b\" data-element_type=\"widget\" data-widget_type=\"image.default\">\n\t\t\t\t<div class=\"elementor-widget-container\">\n\t\t\t\t\t\t\t\t\t\t\t\t\t\t<a href=\"https:\/\/www.transat.com\/en-CA?search=package&#038;origin=YYZ\">\n\t\t\t\t\t\t\t<img decoding=\"async\" width=\"184\" height=\"54\" src=\"https:\/\/www.parknfly.ca\/wp-content\/uploads\/2025\/05\/Transat-Logo_-SM.png\" class=\"attachment-large size-large wp-image-25063\" alt=\"\" \/>\t\t\t\t\t\t\t\t<\/a>\n\t\t\t\t\t\t\t\t\t\t\t\t\t<\/div>\n\t\t\t\t<\/div>\n\t\t\t\t\t<\/div>\n\t\t<\/div>\n\t\t\t\t<div class=\"elementor-column elementor-col-33 elementor-top-column elementor-element elementor-element-ad78b01\" data-id=\"ad78b01\" data-element_type=\"column\">\n\t\t\t<div class=\"elementor-widget-wrap elementor-element-populated\">\n\t\t\t\t\t\t<div class=\"elementor-element elementor-element-8f5507c elementor-widget elementor-widget-spacer\" data-id=\"8f5507c\" data-element_type=\"widget\" data-widget_type=\"spacer.default\">\n\t\t\t\t<div class=\"elementor-widget-container\">\n\t\t\t\t\t<div class=\"elementor-spacer\">\n\t\t\t<div class=\"elementor-spacer-inner\"><\/div>\n\t\t<\/div>\n\t\t\t\t<\/div>\n\t\t\t\t<\/div>\n\t\t\t\t<div class=\"elementor-element elementor-element-10c69be elementor-widget elementor-widget-image\" data-id=\"10c69be\" data-element_type=\"widget\" data-widget_type=\"image.default\">\n\t\t\t\t<div class=\"elementor-widget-container\">\n\t\t\t\t\t\t\t\t\t\t\t\t\t\t<a href=\"https:\/\/www.melia.com\/en\/hotels\/france\/paris\/hotel-paris-opera-by-melia\">\n\t\t\t\t\t\t\t<img decoding=\"async\" width=\"200\" height=\"51\" src=\"https:\/\/www.parknfly.ca\/wp-content\/uploads\/2025\/05\/Hotel-Paris-Opera-Logo_-SM.png\" class=\"attachment-large size-large wp-image-25065\" alt=\"\" \/>\t\t\t\t\t\t\t\t<\/a>\n\t\t\t\t\t\t\t\t\t\t\t\t\t<\/div>\n\t\t\t\t<\/div>\n\t\t\t\t\t<\/div>\n\t\t<\/div>\n\t\t\t\t<div class=\"elementor-column elementor-col-33 elementor-top-column elementor-element elementor-element-90d4e19\" data-id=\"90d4e19\" data-element_type=\"column\">\n\t\t\t<div class=\"elementor-widget-wrap elementor-element-populated\">\n\t\t\t\t\t\t<div class=\"elementor-element elementor-element-c36c41c elementor-widget elementor-widget-image\" data-id=\"c36c41c\" data-element_type=\"widget\" data-widget_type=\"image.default\">\n\t\t\t\t<div class=\"elementor-widget-container\">\n\t\t\t\t\t\t\t\t\t\t\t\t\t<img decoding=\"async\" width=\"183\" height=\"88\" src=\"https:\/\/www.parknfly.ca\/wp-content\/uploads\/2025\/05\/Melia-Logo_SM.png\" class=\"attachment-medium size-medium wp-image-25067\" alt=\"\" \/>\t\t\t\t\t\t\t\t\t\t\t\t\t<\/div>\n\t\t\t\t<\/div>\n\t\t\t\t\t<\/div>\n\t\t<\/div>\n\t\t\t\t\t<\/div>\n\t\t<\/section>\n\t\t\t\t<section class=\"elementor-section elementor-top-section elementor-element elementor-element-de72a8a elementor-section-boxed elementor-section-height-default elementor-section-height-default\" data-id=\"de72a8a\" data-element_type=\"section\">\n\t\t\t\t\t\t<div class=\"elementor-container elementor-column-gap-default\">\n\t\t\t\t\t<div class=\"elementor-column elementor-col-100 elementor-top-column elementor-element elementor-element-f77fc9e\" data-id=\"f77fc9e\" data-element_type=\"column\">\n\t\t\t<div class=\"elementor-widget-wrap elementor-element-populated\">\n\t\t\t\t\t\t<div class=\"elementor-element elementor-element-7f0501a elementor-widget-divider--view-line elementor-widget elementor-widget-divider\" data-id=\"7f0501a\" data-element_type=\"widget\" data-widget_type=\"divider.default\">\n\t\t\t\t<div class=\"elementor-widget-container\">\n\t\t\t\t\t<div class=\"elementor-divider\">\n\t\t\t<span class=\"elementor-divider-separator\">\n\t\t\t\t\t\t<\/span>\n\t\t<\/div>\n\t\t\t\t<\/div>\n\t\t\t\t<\/div>\n\t\t\t\t<div class=\"elementor-element elementor-element-509aa2f elementor-widget elementor-widget-text-editor\" data-id=\"509aa2f\" data-element_type=\"widget\" data-widget_type=\"text-editor.default\">\n\t\t\t\t<div class=\"elementor-widget-container\">\n\t\t\t\t\t\t\t<p>*Aucun achat requis. Le concours commence \u00e0 0 h 01, heure de l\u2019Est (HE) le 9 juin 2025 et se termine \u00e0 23 h 59 (HE), le 25 juillet 2025. Le concours est ouvert \u00e0 tous les r\u00e9sidents du Canada \u00e2g\u00e9s de 18 ans et plus. Les billets d&#8217;avion pour deux personnes au d\u00e9part de Toronto ou de Montr\u00e9al comprend les taxes d&#8217;a\u00e9roport. Le transport aller-retour vers l&#8217;a\u00e9roport de d\u00e9part pr\u00e9f\u00e9r\u00e9 (Toronto Pearson ou Montr\u00e9al Trudeau) sera \u00e0 la charge du gagnant. Visitez le site www.parknfly.ca\/paris-rules pour consulter les r\u00e8glements du concours, les d\u00e9tails sur les prix et les dates d\u2019interdiction. Les billets d&#8217;avion aller-retour en classe \u00e9conomique pour deux personnes, au d\u00e9part de Montr\u00e9al (YUL) ou de Toronto (YYZ) vers Paris (CDG), comprend les taxes d&#8217;a\u00e9roport. Le voyage doit \u00eatre effectu\u00e9 avant le 30 avril 2026 (le vol de retour doit \u00eatre effectu\u00e9 avant cette date). Dates d\u2019interdiction de r\u00e9servation de la compagnie a\u00e9rienne : du 18 juillet 2025 au 6 ao\u00fbt 2025 et du 13 d\u00e9cembre 2025 au 6 janvier 2026. Dates d\u2019interdiction de r\u00e9servation de l\u2019h\u00f4tel : juin 2025 et septembre 2025. La r\u00e9servation du voyage doit \u00eatre effectu\u00e9e au moins trente (30) jours avant la date de d\u00e9part pr\u00e9vue. Cette offre est soumise \u00e0 la disponibilit\u00e9 des chambres et des vols. Le s\u00e9jour de stationnement de 8 jours chez Park\u2019N Fly est valable \u00e0 l\u2019emplacement Park\u2019N Fly le plus pr\u00e8s de la r\u00e9sidence du gagnant. La valeur totale approximative du prix au d\u00e9tail du forfait voyage (terrestre et a\u00e9rien) est de 4138,00 $ CA maximum; le stationnement Park\u2019N Fly est de 165,00 $ CA. Valeur totale approximative au d\u00e9tail \u2013 jusqu\u2019\u00e0 4303,00 $ CA. \u00ab TTC \u00bb faisant affaire sous les noms d\u2019Air Transat et de Transat. Park\u2019N Fly est une marque de commerce d\u00e9pos\u00e9e de Park\u2019N Fly Canada Inc.<\/p>\t\t\t\t\t\t<\/div>\n\t\t\t\t<\/div>\n\t\t\t\t\t<\/div>\n\t\t<\/div>\n\t\t\t\t\t<\/div>\n\t\t<\/section>\n\t\t\t\t<\/div>\n\t\t","protected":false},"excerpt":{"rendered":"<p>Gagnez votre voyage vers Paris! Bonne Chance Cet \u00e9t\u00e9, Park\u2019N Fly vous offre la chance de GAGNER un voyage pour 2 EN FRANCE, \u00c0 PARIS! Park&#8217;N Fly et Transat se sont encore une fois associ\u00e9s pour offrir \u00e0 un duo sp\u00e9cial le voyage de leur vie! C\u2019est vrai ! Vous pouvez participer et GAGNER un &hellip; <a href=\"https:\/\/www.parknfly.ca\/fr\/paris\/\">Continuer<\/a><\/p>\n","protected":false},"author":29,"featured_media":0,"parent":0,"menu_order":0,"comment_status":"closed","ping_status":"closed","template":"","meta":{"_acf_changed":false,"_monsterinsights_skip_tracking":false,"_monsterinsights_sitenote_active":false,"_monsterinsights_sitenote_note":"","_monsterinsights_sitenote_category":0,"footnotes":""},"yst_prominent_words":[2403,38],"class_list":["post-24976","page","type-page","status-publish","hentry"],"acf":[],"_links":{"self":[{"href":"https:\/\/www.parknfly.ca\/fr\/wp-json\/wp\/v2\/pages\/24976","targetHints":{"allow":["GET"]}}],"collection":[{"href":"https:\/\/www.parknfly.ca\/fr\/wp-json\/wp\/v2\/pages"}],"about":[{"href":"https:\/\/www.parknfly.ca\/fr\/wp-json\/wp\/v2\/types\/page"}],"author":[{"embeddable":true,"href":"https:\/\/www.parknfly.ca\/fr\/wp-json\/wp\/v2\/users\/29"}],"replies":[{"embeddable":true,"href":"https:\/\/www.parknfly.ca\/fr\/wp-json\/wp\/v2\/comments?post=24976"}],"version-history":[{"count":23,"href":"https:\/\/www.parknfly.ca\/fr\/wp-json\/wp\/v2\/pages\/24976\/revisions"}],"predecessor-version":[{"id":25182,"href":"https:\/\/www.parknfly.ca\/fr\/wp-json\/wp\/v2\/pages\/24976\/revisions\/25182"}],"wp:attachment":[{"href":"https:\/\/www.parknfly.ca\/fr\/wp-json\/wp\/v2\/media?parent=24976"}],"wp:term":[{"taxonomy":"yst_prominent_words","embeddable":true,"href":"https:\/\/www.parknfly.ca\/fr\/wp-json\/wp\/v2\/yst_prominent_words?post=24976"}],"curies":[{"name":"wp","href":"https:\/\/api.w.org\/{rel}","templated":true}]}}