{"id":20696,"date":"2023-10-24T17:33:41","date_gmt":"2023-10-24T17:33:41","guid":{"rendered":"https:\/\/admin.parknfly.ca\/?page_id=20696"},"modified":"2023-10-24T17:55:01","modified_gmt":"2023-10-24T17:55:01","slug":"app-faq","status":"publish","type":"page","link":"https:\/\/www.parknfly.ca\/fr\/app-faq\/","title":{"rendered":"App-FAQ"},"content":{"rendered":"\t\t<div data-elementor-type=\"wp-page\" data-elementor-id=\"20696\" class=\"elementor elementor-20696 elementor-15218\" data-elementor-post-type=\"page\">\n\t\t\t\t\t\t<section class=\"elementor-section elementor-top-section elementor-element elementor-element-dfd3640 elementor-section-height-min-height elementor-section-items-top elementor-section-stretched elementor-section-boxed elementor-section-height-default\" data-id=\"dfd3640\" data-element_type=\"section\" data-settings=\"{&quot;background_background&quot;:&quot;classic&quot;,&quot;stretch_section&quot;:&quot;section-stretched&quot;}\">\n\t\t\t\t\t\t\t<div class=\"elementor-background-overlay\"><\/div>\n\t\t\t\t\t\t\t<div class=\"elementor-container elementor-column-gap-default\">\n\t\t\t\t\t<div class=\"elementor-column elementor-col-100 elementor-top-column elementor-element elementor-element-8a54f1b\" data-id=\"8a54f1b\" data-element_type=\"column\">\n\t\t\t<div class=\"elementor-widget-wrap elementor-element-populated\">\n\t\t\t\t\t\t<section class=\"elementor-section elementor-inner-section elementor-element elementor-element-47a76a2 elementor-section-full_width elementor-section-content-top elementor-section-height-default elementor-section-height-default\" data-id=\"47a76a2\" data-element_type=\"section\">\n\t\t\t\t\t\t<div class=\"elementor-container elementor-column-gap-default\">\n\t\t\t\t\t<div class=\"elementor-column elementor-col-100 elementor-inner-column elementor-element elementor-element-d347ec3\" data-id=\"d347ec3\" data-element_type=\"column\">\n\t\t\t<div class=\"elementor-widget-wrap elementor-element-populated\">\n\t\t\t\t\t\t<div class=\"elementor-element elementor-element-d46c628 elementor-widget elementor-widget-heading\" data-id=\"d46c628\" data-element_type=\"widget\" data-widget_type=\"heading.default\">\n\t\t\t\t<div class=\"elementor-widget-container\">\n\t\t\t<h1 class=\"elementor-heading-title elementor-size-default\">App FAQs<\/h1>\t\t<\/div>\n\t\t\t\t<\/div>\n\t\t\t\t<div class=\"elementor-element elementor-element-febc79f elementor-widget elementor-widget-text-editor\" data-id=\"febc79f\" data-element_type=\"widget\" data-widget_type=\"text-editor.default\">\n\t\t\t\t<div class=\"elementor-widget-container\">\n\t\t\t\t\t\t\t<p>R\u00e9ponses aux questions fr\u00e9quemment pos\u00e9es<\/p>\t\t\t\t\t\t<\/div>\n\t\t\t\t<\/div>\n\t\t\t\t\t<\/div>\n\t\t<\/div>\n\t\t\t\t\t<\/div>\n\t\t<\/section>\n\t\t\t\t\t<\/div>\n\t\t<\/div>\n\t\t\t\t\t<\/div>\n\t\t<\/section>\n\t\t\t\t<section class=\"elementor-section elementor-top-section elementor-element elementor-element-2a56a5f elementor-section-boxed elementor-section-height-default elementor-section-height-default\" data-id=\"2a56a5f\" data-element_type=\"section\" data-settings=\"{&quot;background_background&quot;:&quot;classic&quot;}\">\n\t\t\t\t\t\t<div class=\"elementor-container elementor-column-gap-default\">\n\t\t\t\t\t<div class=\"elementor-column elementor-col-100 elementor-top-column elementor-element elementor-element-7de1fbd\" data-id=\"7de1fbd\" data-element_type=\"column\">\n\t\t\t<div class=\"elementor-widget-wrap elementor-element-populated\">\n\t\t\t\t\t\t<section class=\"elementor-section elementor-inner-section elementor-element elementor-element-7e2a5e5 elementor-section-boxed elementor-section-height-default elementor-section-height-default\" data-id=\"7e2a5e5\" data-element_type=\"section\">\n\t\t\t\t\t\t<div class=\"elementor-container elementor-column-gap-default\">\n\t\t\t\t\t<div class=\"elementor-column elementor-col-100 elementor-inner-column elementor-element elementor-element-6bffead\" data-id=\"6bffead\" data-element_type=\"column\">\n\t\t\t<div class=\"elementor-widget-wrap elementor-element-populated\">\n\t\t\t\t\t\t<div class=\"elementor-element elementor-element-e869a7c elementor-widget elementor-widget-text-editor\" data-id=\"e869a7c\" data-element_type=\"widget\" data-widget_type=\"text-editor.default\">\n\t\t\t\t<div class=\"elementor-widget-container\">\n\t\t\t\t\t\t\t<p><a class=\"location-faq-question blue-link\" data-toggle=\"collapse\" data-target=\"#location-faq-507-1\" aria-expanded=\"true\" aria-controls=\"location-faq-507-1\">Je ne re\u00e7ois pas le code SMS pour v\u00e9rifier mon num\u00e9ro de t\u00e9l\u00e9phone et activer l\u2019application. <\/a><\/p><p>Si vous \u00eates \u00e0 l\u2019ext\u00e9rieur du Canada et que vous essayez de v\u00e9rifier votre num\u00e9ro de t\u00e9l\u00e9phone pour acc\u00e9der \u00e0 l\u2019application Park\u2019N Fly, vous devrez acc\u00e9der aux messages SMS sur votre appareil mobile. Des frais d\u2019itin\u00e9rance peuvent s\u2019appliquer, veuillez contacter votre fournisseur en t\u00e9l\u00e9communication pour conna\u00eetre les tarifs et les informations. Alternativement, une fois de retour au Canada, vous pourrez terminer le processus de v\u00e9rification et acc\u00e9der \u00e0 toutes les fonctionnalit\u00e9s de l\u2019application Park\u2019N Fly.<\/p><p>\u00a0<\/p><p>Pour consulter d&#8217;autres questions populaires concernant l&#8217;application Park&#8217;N Fly, visitez la section Application mobile de la <a href=\"https:\/\/www.parknfly.ca\/fr\/soutien\/\">page de soutie<\/a><a href=\"https:\/\/www.parknfly.ca\/fr\/soutien\/\">n<\/a>.<\/p>\t\t\t\t\t\t<\/div>\n\t\t\t\t<\/div>\n\t\t\t\t<div class=\"elementor-element elementor-element-56e3706 elementor-widget elementor-widget-spacer\" data-id=\"56e3706\" data-element_type=\"widget\" data-widget_type=\"spacer.default\">\n\t\t\t\t<div class=\"elementor-widget-container\">\n\t\t\t\t\t<div class=\"elementor-spacer\">\n\t\t\t<div class=\"elementor-spacer-inner\"><\/div>\n\t\t<\/div>\n\t\t\t\t<\/div>\n\t\t\t\t<\/div>\n\t\t\t\t\t<\/div>\n\t\t<\/div>\n\t\t\t\t\t<\/div>\n\t\t<\/section>\n\t\t\t\t\t<\/div>\n\t\t<\/div>\n\t\t\t\t\t<\/div>\n\t\t<\/section>\n\t\t\t\t<section class=\"elementor-section elementor-top-section elementor-element elementor-element-922074e elementor-section-boxed elementor-section-height-default elementor-section-height-default\" data-id=\"922074e\" data-element_type=\"section\">\n\t\t\t\t\t\t<div class=\"elementor-container elementor-column-gap-default\">\n\t\t\t\t\t<div class=\"elementor-column elementor-col-100 elementor-top-column elementor-element elementor-element-088e167\" data-id=\"088e167\" data-element_type=\"column\">\n\t\t\t<div class=\"elementor-widget-wrap elementor-element-populated\">\n\t\t\t\t\t\t<div class=\"elementor-element elementor-element-f084648 elementor-widget elementor-widget-text-editor\" data-id=\"f084648\" data-element_type=\"widget\" data-widget_type=\"text-editor.default\">\n\t\t\t\t<div class=\"elementor-widget-container\">\n\t\t\t\t\t\t\t<p>Veuillez adresser toutes demandes d\u2019ordre technique \u00e0 <a href=\"mailto:support@parknfly.ca\" target=\"_blank\" rel=\"noopener\">support@parknfly.ca<\/a>.<\/p>\t\t\t\t\t\t<\/div>\n\t\t\t\t<\/div>\n\t\t\t\t\t<\/div>\n\t\t<\/div>\n\t\t\t\t\t<\/div>\n\t\t<\/section>\n\t\t\t\t<\/div>\n\t\t","protected":false},"excerpt":{"rendered":"<p>App FAQs R\u00e9ponses aux questions fr\u00e9quemment pos\u00e9es Je ne re\u00e7ois pas le code SMS pour v\u00e9rifier mon num\u00e9ro de t\u00e9l\u00e9phone et activer l\u2019application. Si vous \u00eates \u00e0 l\u2019ext\u00e9rieur du Canada et que vous essayez de v\u00e9rifier votre num\u00e9ro de t\u00e9l\u00e9phone pour acc\u00e9der \u00e0 l\u2019application Park\u2019N Fly, vous devrez acc\u00e9der aux messages SMS sur votre appareil &hellip; <a href=\"https:\/\/www.parknfly.ca\/fr\/app-faq\/\">Continuer<\/a><\/p>\n","protected":false},"author":10,"featured_media":0,"parent":0,"menu_order":0,"comment_status":"closed","ping_status":"closed","template":"","meta":{"_acf_changed":false,"_monsterinsights_skip_tracking":false,"_monsterinsights_sitenote_active":false,"_monsterinsights_sitenote_note":"","_monsterinsights_sitenote_category":0,"footnotes":""},"yst_prominent_words":[142,38,1822,1772],"class_list":["post-20696","page","type-page","status-publish","hentry"],"acf":[],"_links":{"self":[{"href":"https:\/\/www.parknfly.ca\/fr\/wp-json\/wp\/v2\/pages\/20696","targetHints":{"allow":["GET"]}}],"collection":[{"href":"https:\/\/www.parknfly.ca\/fr\/wp-json\/wp\/v2\/pages"}],"about":[{"href":"https:\/\/www.parknfly.ca\/fr\/wp-json\/wp\/v2\/types\/page"}],"author":[{"embeddable":true,"href":"https:\/\/www.parknfly.ca\/fr\/wp-json\/wp\/v2\/users\/10"}],"replies":[{"embeddable":true,"href":"https:\/\/www.parknfly.ca\/fr\/wp-json\/wp\/v2\/comments?post=20696"}],"version-history":[{"count":8,"href":"https:\/\/www.parknfly.ca\/fr\/wp-json\/wp\/v2\/pages\/20696\/revisions"}],"predecessor-version":[{"id":20704,"href":"https:\/\/www.parknfly.ca\/fr\/wp-json\/wp\/v2\/pages\/20696\/revisions\/20704"}],"wp:attachment":[{"href":"https:\/\/www.parknfly.ca\/fr\/wp-json\/wp\/v2\/media?parent=20696"}],"wp:term":[{"taxonomy":"yst_prominent_words","embeddable":true,"href":"https:\/\/www.parknfly.ca\/fr\/wp-json\/wp\/v2\/yst_prominent_words?post=20696"}],"curies":[{"name":"wp","href":"https:\/\/api.w.org\/{rel}","templated":true}]}}