{"id":20319,"date":"2023-07-18T13:30:05","date_gmt":"2023-07-18T13:30:05","guid":{"rendered":"https:\/\/admin.parknfly.ca\/reservation-cancellation\/"},"modified":"2023-08-08T15:42:26","modified_gmt":"2023-08-08T15:42:26","slug":"reservation-cancellation","status":"publish","type":"page","link":"https:\/\/www.parknfly.ca\/fr\/reservation-cancellation\/","title":{"rendered":"Reservation Cancellation"},"content":{"rendered":"\t\t<div data-elementor-type=\"wp-page\" data-elementor-id=\"20319\" class=\"elementor elementor-20319 elementor-20313\" data-elementor-post-type=\"page\">\n\t\t\t\t\t\t<section class=\"elementor-section elementor-top-section elementor-element elementor-element-134a491 elementor-section-boxed elementor-section-height-default elementor-section-height-default\" data-id=\"134a491\" data-element_type=\"section\">\n\t\t\t\t\t\t<div class=\"elementor-container elementor-column-gap-default\">\n\t\t\t\t\t<div class=\"elementor-column elementor-col-100 elementor-top-column elementor-element elementor-element-23d1aad\" data-id=\"23d1aad\" data-element_type=\"column\">\n\t\t\t<div class=\"elementor-widget-wrap\">\n\t\t\t\t\t\t\t<\/div>\n\t\t<\/div>\n\t\t\t\t\t<\/div>\n\t\t<\/section>\n\t\t\t\t<section class=\"elementor-section elementor-top-section elementor-element elementor-element-60efbd3 elementor-section-boxed elementor-section-height-default elementor-section-height-default\" data-id=\"60efbd3\" data-element_type=\"section\">\n\t\t\t\t\t\t<div class=\"elementor-container elementor-column-gap-default\">\n\t\t\t\t\t<div class=\"elementor-column elementor-col-100 elementor-top-column elementor-element elementor-element-dc46934\" data-id=\"dc46934\" data-element_type=\"column\" data-settings=\"{&quot;background_background&quot;:&quot;classic&quot;}\">\n\t\t\t<div class=\"elementor-widget-wrap elementor-element-populated\">\n\t\t\t\t\t\t<div class=\"elementor-element elementor-element-0562c7e elementor-widget elementor-widget-heading\" data-id=\"0562c7e\" data-element_type=\"widget\" data-widget_type=\"heading.default\">\n\t\t\t\t<div class=\"elementor-widget-container\">\n\t\t\t<h1 class=\"elementor-heading-title elementor-size-default\">Confirmation de l\u2019annulation de la r\u00e9servation<\/h1>\t\t<\/div>\n\t\t\t\t<\/div>\n\t\t\t\t<div class=\"elementor-element elementor-element-001f049 elementor-widget elementor-widget-text-editor\" data-id=\"001f049\" data-element_type=\"widget\" data-widget_type=\"text-editor.default\">\n\t\t\t\t<div class=\"elementor-widget-container\">\n\t\t\t\t\t\t\t<h3>Votre r\u00e9servation a \u00e9t\u00e9 annul\u00e9e<\/h3>\nSi vous avez des questions, veuillez visiter la <a class=\"blue-link inherit-font\" href=\"\/support\/\" target=\"_blank\" rel=\"noopener\">section soutien.<\/a>\t\t\t\t\t\t<\/div>\n\t\t\t\t<\/div>\n\t\t\t\t<div class=\"elementor-element elementor-element-70f5125 elementor-widget elementor-widget-html\" data-id=\"70f5125\" data-element_type=\"widget\" data-widget_type=\"html.default\">\n\t\t\t\t<div class=\"elementor-widget-container\">\n\t\t\t<div class=\"d-flex flex-md-row flex-column  mb-4 mt-4\"><a href=\"\/\"  class=\"btn btn--md mr-4 mb-4\">Commencer une nouvelle r\u00e9servation<\/a> <a href=\"\/\" class=\"btn btn--md mr-4 mb-4\">ACCUEIL<\/a><\/div>\t\t<\/div>\n\t\t\t\t<\/div>\n\t\t\t\t\t<\/div>\n\t\t<\/div>\n\t\t\t\t\t<\/div>\n\t\t<\/section>\n\t\t\t\t<\/div>\n\t\t","protected":false},"excerpt":{"rendered":"<p>Confirmation de l\u2019annulation de la r\u00e9servation Votre r\u00e9servation a \u00e9t\u00e9 annul\u00e9e Si vous avez des questions, veuillez visiter la section soutien. Commencer une nouvelle r\u00e9servation ACCUEIL<\/p>\n","protected":false},"author":19,"featured_media":0,"parent":0,"menu_order":0,"comment_status":"closed","ping_status":"closed","template":"","meta":{"_acf_changed":false,"_monsterinsights_skip_tracking":false,"_monsterinsights_sitenote_active":false,"_monsterinsights_sitenote_note":"","_monsterinsights_sitenote_category":0,"footnotes":""},"yst_prominent_words":[],"class_list":["post-20319","page","type-page","status-publish","hentry"],"acf":[],"_links":{"self":[{"href":"https:\/\/www.parknfly.ca\/fr\/wp-json\/wp\/v2\/pages\/20319","targetHints":{"allow":["GET"]}}],"collection":[{"href":"https:\/\/www.parknfly.ca\/fr\/wp-json\/wp\/v2\/pages"}],"about":[{"href":"https:\/\/www.parknfly.ca\/fr\/wp-json\/wp\/v2\/types\/page"}],"author":[{"embeddable":true,"href":"https:\/\/www.parknfly.ca\/fr\/wp-json\/wp\/v2\/users\/19"}],"replies":[{"embeddable":true,"href":"https:\/\/www.parknfly.ca\/fr\/wp-json\/wp\/v2\/comments?post=20319"}],"version-history":[{"count":18,"href":"https:\/\/www.parknfly.ca\/fr\/wp-json\/wp\/v2\/pages\/20319\/revisions"}],"predecessor-version":[{"id":20470,"href":"https:\/\/www.parknfly.ca\/fr\/wp-json\/wp\/v2\/pages\/20319\/revisions\/20470"}],"wp:attachment":[{"href":"https:\/\/www.parknfly.ca\/fr\/wp-json\/wp\/v2\/media?parent=20319"}],"wp:term":[{"taxonomy":"yst_prominent_words","embeddable":true,"href":"https:\/\/www.parknfly.ca\/fr\/wp-json\/wp\/v2\/yst_prominent_words?post=20319"}],"curies":[{"name":"wp","href":"https:\/\/api.w.org\/{rel}","templated":true}]}}