{"id":18592,"date":"2022-11-15T13:16:33","date_gmt":"2022-11-15T13:16:33","guid":{"rendered":"https:\/\/admin.parknfly.ca\/pizzalunch-copy\/"},"modified":"2023-01-10T14:13:33","modified_gmt":"2023-01-10T14:13:33","slug":"dejeune-de-pizzas","status":"publish","type":"page","link":"https:\/\/www.parknfly.ca\/fr\/dejeune-de-pizzas\/","title":{"rendered":"2022 TA Pizza Lunch Contest FR"},"content":{"rendered":"\t\t<div data-elementor-type=\"wp-page\" data-elementor-id=\"18592\" class=\"elementor elementor-18592\" data-elementor-post-type=\"page\">\n\t\t\t\t\t\t<section class=\"elementor-section elementor-top-section elementor-element elementor-element-654a8d5 elementor-section-height-min-height elementor-section-items-bottom sub-banner elementor-section-boxed elementor-section-height-default\" data-id=\"654a8d5\" data-element_type=\"section\" data-settings=\"{&quot;background_background&quot;:&quot;classic&quot;}\">\n\t\t\t\t\t\t\t<div class=\"elementor-background-overlay\"><\/div>\n\t\t\t\t\t\t\t<div class=\"elementor-container elementor-column-gap-default\">\n\t\t\t\t\t<div class=\"elementor-column elementor-col-100 elementor-top-column elementor-element elementor-element-e6ce804\" data-id=\"e6ce804\" data-element_type=\"column\">\n\t\t\t<div class=\"elementor-widget-wrap elementor-element-populated\">\n\t\t\t\t\t\t<div class=\"elementor-element elementor-element-3bb101a elementor-widget elementor-widget-heading\" data-id=\"3bb101a\" data-element_type=\"widget\" data-widget_type=\"heading.default\">\n\t\t\t\t<div class=\"elementor-widget-container\">\n\t\t\t<h1 class=\"elementor-heading-title elementor-size-default\">Le concours \u2013 Gagn\u00e9 un d\u00eener organis\u00e9 par Park\u2019N Fly<br><br><br><br><br><br><\/h1>\t\t<\/div>\n\t\t\t\t<\/div>\n\t\t\t\t\t<\/div>\n\t\t<\/div>\n\t\t\t\t\t<\/div>\n\t\t<\/section>\n\t\t\t\t<section class=\"elementor-section elementor-top-section elementor-element elementor-element-2068a03 elementor-section-boxed elementor-section-height-default elementor-section-height-default\" data-id=\"2068a03\" data-element_type=\"section\">\n\t\t\t\t\t\t<div class=\"elementor-container elementor-column-gap-default\">\n\t\t\t\t\t<div class=\"elementor-column elementor-col-100 elementor-top-column elementor-element elementor-element-03ed5df\" data-id=\"03ed5df\" data-element_type=\"column\">\n\t\t\t<div class=\"elementor-widget-wrap elementor-element-populated\">\n\t\t\t\t\t\t<div class=\"elementor-element elementor-element-935778a elementor-widget elementor-widget-spacer\" data-id=\"935778a\" data-element_type=\"widget\" data-widget_type=\"spacer.default\">\n\t\t\t\t<div class=\"elementor-widget-container\">\n\t\t\t\t\t<div class=\"elementor-spacer\">\n\t\t\t<div class=\"elementor-spacer-inner\"><\/div>\n\t\t<\/div>\n\t\t\t\t<\/div>\n\t\t\t\t<\/div>\n\t\t\t\t\t<\/div>\n\t\t<\/div>\n\t\t\t\t\t<\/div>\n\t\t<\/section>\n\t\t\t\t<section class=\"elementor-section elementor-top-section elementor-element elementor-element-f865990 elementor-section-boxed elementor-section-height-default elementor-section-height-default\" data-id=\"f865990\" data-element_type=\"section\">\n\t\t\t\t\t\t<div class=\"elementor-container elementor-column-gap-default\">\n\t\t\t\t\t<div class=\"elementor-column elementor-col-100 elementor-top-column elementor-element elementor-element-bbdaccc\" data-id=\"bbdaccc\" data-element_type=\"column\">\n\t\t\t<div class=\"elementor-widget-wrap elementor-element-populated\">\n\t\t\t\t\t\t<div class=\"elementor-element elementor-element-1ab8803 elementor-widget elementor-widget-heading\" data-id=\"1ab8803\" data-element_type=\"widget\" data-widget_type=\"heading.default\">\n\t\t\t\t<div class=\"elementor-widget-container\">\n\t\t\t<h2 class=\"elementor-heading-title elementor-size-default\">L\u2019heure du d\u00eener est la meilleure heure, sp\u00e9cialement lorsque le d\u00eener est aux frais de Park\u2019N Fly!<\/h2>\t\t<\/div>\n\t\t\t\t<\/div>\n\t\t\t\t\t<\/div>\n\t\t<\/div>\n\t\t\t\t\t<\/div>\n\t\t<\/section>\n\t\t\t\t<section class=\"elementor-section elementor-top-section elementor-element elementor-element-e6b9286 elementor-section-boxed elementor-section-height-default elementor-section-height-default\" data-id=\"e6b9286\" data-element_type=\"section\">\n\t\t\t\t\t\t<div class=\"elementor-container elementor-column-gap-default\">\n\t\t\t\t\t<div class=\"elementor-column elementor-col-100 elementor-top-column elementor-element elementor-element-2f480a8\" data-id=\"2f480a8\" data-element_type=\"column\">\n\t\t\t<div class=\"elementor-widget-wrap elementor-element-populated\">\n\t\t\t\t\t\t<div class=\"elementor-element elementor-element-987c853 elementor-widget elementor-widget-text-editor\" data-id=\"987c853\" data-element_type=\"widget\" data-widget_type=\"text-editor.default\">\n\t\t\t\t<div class=\"elementor-widget-container\">\n\t\t\t\t\t\t\t<p>\u00c0 compter de d\u00e9cembre, pendant trois mois, vous et toute l\u2019\u00e9quipe de votre agence aurez la chance de gagner un d\u00eener aux frais de Park\u2019N Fly<\/p><p><strong>Comment votre agence peut gagner <\/strong><\/p><p>Connectez-vous simplement au portail de votre agence de voyages sur\u00a0<a href=\"http:\/\/www.parknfly.ca\" target=\"_blank\" rel=\"noopener\">parknfly.ca<\/a>\u00a0et r\u00e9servez un stationnement pour vos clients. Vous n\u2019\u00eates pas inscrit au portail des agents de voyages Park\u2019N Fly? S\u2019inscrire est simple et vous permet d\u2019offrir une valeur ajout\u00e9e aux voyageurs lors de compl\u00e9ter une r\u00e9servation pour leur forfait voyage.<\/p><p>De plus, vous pourrez fournir vos coupons PDF personnalis\u00e9s \u00e0 vos clients. Plus ils sont utilis\u00e9s, plus vous et votre \u00e9quipe avez la chance de gagner.<\/p>\t\t\t\t\t\t<\/div>\n\t\t\t\t<\/div>\n\t\t\t\t\t<\/div>\n\t\t<\/div>\n\t\t\t\t\t<\/div>\n\t\t<\/section>\n\t\t\t\t<section class=\"elementor-section elementor-top-section elementor-element elementor-element-64f4d5c elementor-section-boxed elementor-section-height-default elementor-section-height-default\" data-id=\"64f4d5c\" data-element_type=\"section\">\n\t\t\t\t\t\t<div class=\"elementor-container elementor-column-gap-default\">\n\t\t\t\t\t<div class=\"elementor-column elementor-col-100 elementor-top-column elementor-element elementor-element-fb33117\" data-id=\"fb33117\" data-element_type=\"column\">\n\t\t\t<div class=\"elementor-widget-wrap elementor-element-populated\">\n\t\t\t\t\t\t<div class=\"elementor-element elementor-element-35eb07b elementor-widget elementor-widget-heading\" data-id=\"35eb07b\" data-element_type=\"widget\" data-widget_type=\"heading.default\">\n\t\t\t\t<div class=\"elementor-widget-container\">\n\t\t\t<h3 class=\"elementor-heading-title elementor-size-default\">Chances multiples de gagner<\/h3>\t\t<\/div>\n\t\t\t\t<\/div>\n\t\t\t\t\t<\/div>\n\t\t<\/div>\n\t\t\t\t\t<\/div>\n\t\t<\/section>\n\t\t\t\t<section class=\"elementor-section elementor-top-section elementor-element elementor-element-f5acddd elementor-section-boxed elementor-section-height-default elementor-section-height-default\" data-id=\"f5acddd\" data-element_type=\"section\">\n\t\t\t\t\t\t<div class=\"elementor-container elementor-column-gap-default\">\n\t\t\t\t\t<div class=\"elementor-column elementor-col-100 elementor-top-column elementor-element elementor-element-8c436cf\" data-id=\"8c436cf\" data-element_type=\"column\">\n\t\t\t<div class=\"elementor-widget-wrap elementor-element-populated\">\n\t\t\t\t\t\t<div class=\"elementor-element elementor-element-8eac73e elementor-widget elementor-widget-image\" data-id=\"8eac73e\" data-element_type=\"widget\" data-widget_type=\"image.default\">\n\t\t\t\t<div class=\"elementor-widget-container\">\n\t\t\t\t\t\t\t\t\t\t\t\t\t<img fetchpriority=\"high\" decoding=\"async\" width=\"1024\" height=\"401\" src=\"https:\/\/www.parknfly.ca\/wp-content\/uploads\/2022\/11\/Screenshot-2022-11-08-164117-1024x401.png\" class=\"attachment-large size-large wp-image-18523\" alt=\"\" srcset=\"https:\/\/www.parknfly.ca\/wp-content\/uploads\/2022\/11\/Screenshot-2022-11-08-164117-1024x401.png 1024w, https:\/\/www.parknfly.ca\/wp-content\/uploads\/2022\/11\/Screenshot-2022-11-08-164117-300x117.png 300w, https:\/\/www.parknfly.ca\/wp-content\/uploads\/2022\/11\/Screenshot-2022-11-08-164117-768x300.png 768w, https:\/\/www.parknfly.ca\/wp-content\/uploads\/2022\/11\/Screenshot-2022-11-08-164117.png 1416w\" sizes=\"(max-width: 1024px) 100vw, 1024px\" \/>\t\t\t\t\t\t\t\t\t\t\t\t\t<\/div>\n\t\t\t\t<\/div>\n\t\t\t\t\t<\/div>\n\t\t<\/div>\n\t\t\t\t\t<\/div>\n\t\t<\/section>\n\t\t\t\t<section class=\"elementor-section elementor-top-section elementor-element elementor-element-dfb4541 elementor-section-boxed elementor-section-height-default elementor-section-height-default\" data-id=\"dfb4541\" data-element_type=\"section\">\n\t\t\t\t\t\t<div class=\"elementor-container elementor-column-gap-default\">\n\t\t\t\t\t<div class=\"elementor-column elementor-col-100 elementor-top-column elementor-element elementor-element-14c183d\" data-id=\"14c183d\" data-element_type=\"column\">\n\t\t\t<div class=\"elementor-widget-wrap elementor-element-populated\">\n\t\t\t\t\t\t<div class=\"elementor-element elementor-element-6766910 elementor-widget elementor-widget-spacer\" data-id=\"6766910\" data-element_type=\"widget\" data-widget_type=\"spacer.default\">\n\t\t\t\t<div class=\"elementor-widget-container\">\n\t\t\t\t\t<div class=\"elementor-spacer\">\n\t\t\t<div class=\"elementor-spacer-inner\"><\/div>\n\t\t<\/div>\n\t\t\t\t<\/div>\n\t\t\t\t<\/div>\n\t\t\t\t\t<\/div>\n\t\t<\/div>\n\t\t\t\t\t<\/div>\n\t\t<\/section>\n\t\t\t\t<section class=\"elementor-section elementor-top-section elementor-element elementor-element-a0d136a elementor-section-boxed elementor-section-height-default elementor-section-height-default\" data-id=\"a0d136a\" data-element_type=\"section\">\n\t\t\t\t\t\t<div class=\"elementor-container elementor-column-gap-default\">\n\t\t\t\t\t<div class=\"elementor-column elementor-col-100 elementor-top-column elementor-element elementor-element-5ea7a87\" data-id=\"5ea7a87\" data-element_type=\"column\">\n\t\t\t<div class=\"elementor-widget-wrap elementor-element-populated\">\n\t\t\t\t\t\t<div class=\"elementor-element elementor-element-ad1f57a elementor-widget elementor-widget-text-editor\" data-id=\"ad1f57a\" data-element_type=\"widget\" data-widget_type=\"text-editor.default\">\n\t\t\t\t<div class=\"elementor-widget-container\">\n\t\t\t\t\t\t\t<p><strong>Comment sont suivies les ventes de votre agence<\/strong><\/p><p>La production de l\u2019agence est suivie mensuellement par l\u2019entremise de votre code d\u2019agence qui est li\u00e9 aux r\u00e9servations sur votre site Web (le code doit \u00eatre enregistr\u00e9 dans votre portail d\u2019agent de voyages lors de la r\u00e9servation) ou affich\u00e9 sur\u00a0le coupon PDF que vous fournissez \u00e0 vos clients.<\/p><p>Les gagnants seront contact\u00e9s au plus tard le 15 de chaque mois suivant et annonc\u00e9s dans le prochain TA times.<\/p>\t\t\t\t\t\t<\/div>\n\t\t\t\t<\/div>\n\t\t\t\t\t<\/div>\n\t\t<\/div>\n\t\t\t\t\t<\/div>\n\t\t<\/section>\n\t\t\t\t<section class=\"elementor-section elementor-top-section elementor-element elementor-element-38b4a2f elementor-section-boxed elementor-section-height-default elementor-section-height-default\" data-id=\"38b4a2f\" data-element_type=\"section\">\n\t\t\t\t\t\t<div class=\"elementor-container elementor-column-gap-default\">\n\t\t\t\t\t<div class=\"elementor-column elementor-col-100 elementor-top-column elementor-element elementor-element-d34527c\" data-id=\"d34527c\" data-element_type=\"column\">\n\t\t\t<div class=\"elementor-widget-wrap elementor-element-populated\">\n\t\t\t\t\t\t<div class=\"elementor-element elementor-element-c2e2a44 elementor-widget elementor-widget-spacer\" data-id=\"c2e2a44\" data-element_type=\"widget\" data-widget_type=\"spacer.default\">\n\t\t\t\t<div class=\"elementor-widget-container\">\n\t\t\t\t\t<div class=\"elementor-spacer\">\n\t\t\t<div class=\"elementor-spacer-inner\"><\/div>\n\t\t<\/div>\n\t\t\t\t<\/div>\n\t\t\t\t<\/div>\n\t\t\t\t\t<\/div>\n\t\t<\/div>\n\t\t\t\t\t<\/div>\n\t\t<\/section>\n\t\t\t\t<section class=\"elementor-section elementor-top-section elementor-element elementor-element-de72a8a elementor-section-boxed elementor-section-height-default elementor-section-height-default\" data-id=\"de72a8a\" data-element_type=\"section\">\n\t\t\t\t\t\t<div class=\"elementor-container elementor-column-gap-default\">\n\t\t\t\t\t<div class=\"elementor-column elementor-col-100 elementor-top-column elementor-element elementor-element-f77fc9e\" data-id=\"f77fc9e\" data-element_type=\"column\">\n\t\t\t<div class=\"elementor-widget-wrap elementor-element-populated\">\n\t\t\t\t\t\t<div class=\"elementor-element elementor-element-2a37468 elementor-widget elementor-widget-spacer\" data-id=\"2a37468\" data-element_type=\"widget\" data-widget_type=\"spacer.default\">\n\t\t\t\t<div class=\"elementor-widget-container\">\n\t\t\t\t\t<div class=\"elementor-spacer\">\n\t\t\t<div class=\"elementor-spacer-inner\"><\/div>\n\t\t<\/div>\n\t\t\t\t<\/div>\n\t\t\t\t<\/div>\n\t\t\t\t<div class=\"elementor-element elementor-element-509aa2f elementor-widget elementor-widget-text-editor\" data-id=\"509aa2f\" data-element_type=\"widget\" data-widget_type=\"text-editor.default\">\n\t\t\t\t<div class=\"elementor-widget-container\">\n\t\t\t\t\t\t\t<p>Visitez\u00a0<a href=\"http:\/\/www.parknfly.ca\/fr\/regles-du-dejeuner\/\" target=\"_blank\" rel=\"noopener\">www.parknfly.ca\/fr\/regles-du-dejeuner<\/a>\u00a0pour les r\u00e8gles et r\u00e8glements du concours. Il y aura plusieurs chances de gagner au cours de chacun des trois mois de la p\u00e9riode du concours. Agences \u00e0 emplacement unique de chaque province participante auront une chance de gagner \u00e0 chacun des tirages mensuels (d\u00e9cembre 2022, janvier 2023, f\u00e9vrier 2023). Il y a trois (3) Prix \u00e0 gagner dans chacune des provinces admissibles (Alberta, Manitoba, Nova Scotia), quatre (4) Prix \u00e0 gagner dans chacune des provinces admissibles (Qu\u00e9bec, Colombie-Britannique) et cinq (5) Prix \u00e0 gagner dans chacune des provinces admissibles (Ontario) pour chaque mois pendant la p\u00e9riode de trois mois du concours. Le prix comprend un repas pizza \u00e0 livrer \u00e0 l\u2019agence gagnante dans le mois suivant l\u2019attribution du prix. Le nombre d\u2019invit\u00e9s sera confirm\u00e9 lors de l\u2019attribution du prix. La valeur approximative pour chaque repas est de 330 $ CAN. La valeur peut varier selon la province. Park\u2019N Fly est une marque de commerce d\u00e9pos\u00e9e de 1884901 Alberta Ltd.<\/p>\t\t\t\t\t\t<\/div>\n\t\t\t\t<\/div>\n\t\t\t\t\t<\/div>\n\t\t<\/div>\n\t\t\t\t\t<\/div>\n\t\t<\/section>\n\t\t\t\t<\/div>\n\t\t","protected":false},"excerpt":{"rendered":"<p>Le concours \u2013 Gagn\u00e9 un d\u00eener organis\u00e9 par Park\u2019N Fly L\u2019heure du d\u00eener est la meilleure heure, sp\u00e9cialement lorsque le d\u00eener est aux frais de Park\u2019N Fly! \u00c0 compter de d\u00e9cembre, pendant trois mois, vous et toute l\u2019\u00e9quipe de votre agence aurez la chance de gagner un d\u00eener aux frais de Park\u2019N Fly Comment votre &hellip; <a href=\"https:\/\/www.parknfly.ca\/fr\/dejeune-de-pizzas\/\">Continuer<\/a><\/p>\n","protected":false},"author":10,"featured_media":0,"parent":0,"menu_order":0,"comment_status":"closed","ping_status":"closed","template":"","meta":{"_acf_changed":false,"_monsterinsights_skip_tracking":false,"_monsterinsights_sitenote_active":false,"_monsterinsights_sitenote_note":"","_monsterinsights_sitenote_category":0,"footnotes":""},"yst_prominent_words":[1983,2403],"class_list":["post-18592","page","type-page","status-publish","hentry"],"acf":[],"_links":{"self":[{"href":"https:\/\/www.parknfly.ca\/fr\/wp-json\/wp\/v2\/pages\/18592","targetHints":{"allow":["GET"]}}],"collection":[{"href":"https:\/\/www.parknfly.ca\/fr\/wp-json\/wp\/v2\/pages"}],"about":[{"href":"https:\/\/www.parknfly.ca\/fr\/wp-json\/wp\/v2\/types\/page"}],"author":[{"embeddable":true,"href":"https:\/\/www.parknfly.ca\/fr\/wp-json\/wp\/v2\/users\/10"}],"replies":[{"embeddable":true,"href":"https:\/\/www.parknfly.ca\/fr\/wp-json\/wp\/v2\/comments?post=18592"}],"version-history":[{"count":30,"href":"https:\/\/www.parknfly.ca\/fr\/wp-json\/wp\/v2\/pages\/18592\/revisions"}],"predecessor-version":[{"id":18885,"href":"https:\/\/www.parknfly.ca\/fr\/wp-json\/wp\/v2\/pages\/18592\/revisions\/18885"}],"wp:attachment":[{"href":"https:\/\/www.parknfly.ca\/fr\/wp-json\/wp\/v2\/media?parent=18592"}],"wp:term":[{"taxonomy":"yst_prominent_words","embeddable":true,"href":"https:\/\/www.parknfly.ca\/fr\/wp-json\/wp\/v2\/yst_prominent_words?post=18592"}],"curies":[{"name":"wp","href":"https:\/\/api.w.org\/{rel}","templated":true}]}}