{"id":15432,"date":"2021-08-05T13:30:50","date_gmt":"2021-08-05T13:30:50","guid":{"rendered":"https:\/\/admin.parknfly.ca\/aegis\/"},"modified":"2021-09-23T18:38:30","modified_gmt":"2021-09-23T18:38:30","slug":"aegis","status":"publish","type":"page","link":"https:\/\/www.parknfly.ca\/fr\/aegis\/","title":{"rendered":"Aegis FR"},"content":{"rendered":"\t\t<div data-elementor-type=\"wp-page\" data-elementor-id=\"15432\" class=\"elementor elementor-15432 elementor-15402\" data-elementor-post-type=\"page\">\n\t\t\t\t\t\t<section class=\"elementor-section elementor-top-section elementor-element elementor-element-3d0bc2c elementor-section-boxed elementor-section-height-default elementor-section-height-default\" data-id=\"3d0bc2c\" data-element_type=\"section\">\n\t\t\t\t\t\t<div class=\"elementor-container elementor-column-gap-default\">\n\t\t\t\t\t\t<\/div>\n\t\t<\/section>\n\t\t\t\t<section class=\"elementor-section elementor-top-section elementor-element elementor-element-43b7def elementor-section-height-min-height elementor-section-items-top elementor-section-stretched elementor-section-boxed elementor-section-height-default\" data-id=\"43b7def\" data-element_type=\"section\" data-settings=\"{&quot;background_background&quot;:&quot;classic&quot;,&quot;stretch_section&quot;:&quot;section-stretched&quot;}\">\n\t\t\t\t\t\t\t<div class=\"elementor-background-overlay\"><\/div>\n\t\t\t\t\t\t\t<div class=\"elementor-container elementor-column-gap-default\">\n\t\t\t\t\t<div class=\"elementor-column elementor-col-100 elementor-top-column elementor-element elementor-element-728c012\" data-id=\"728c012\" data-element_type=\"column\">\n\t\t\t<div class=\"elementor-widget-wrap elementor-element-populated\">\n\t\t\t\t\t\t<section class=\"elementor-section elementor-inner-section elementor-element elementor-element-1d0531a elementor-section-full_width elementor-section-content-top elementor-section-height-default elementor-section-height-default\" data-id=\"1d0531a\" data-element_type=\"section\">\n\t\t\t\t\t\t<div class=\"elementor-container elementor-column-gap-default\">\n\t\t\t\t\t<div class=\"elementor-column elementor-col-50 elementor-inner-column elementor-element elementor-element-ca004fb\" data-id=\"ca004fb\" data-element_type=\"column\">\n\t\t\t<div class=\"elementor-widget-wrap elementor-element-populated\">\n\t\t\t\t\t\t<div class=\"elementor-element elementor-element-ba70798 elementor-widget elementor-widget-heading\" data-id=\"ba70798\" data-element_type=\"widget\" data-widget_type=\"heading.default\">\n\t\t\t\t<div class=\"elementor-widget-container\">\n\t\t\t<h1 class=\"elementor-heading-title elementor-size-default\">Nous prenons votre s\u00e9curit\u00e9 au s\u00e9rieux<\/h1>\t\t<\/div>\n\t\t\t\t<\/div>\n\t\t\t\t\t<\/div>\n\t\t<\/div>\n\t\t\t\t<div class=\"elementor-column elementor-col-50 elementor-inner-column elementor-element elementor-element-9994539\" data-id=\"9994539\" data-element_type=\"column\">\n\t\t\t<div class=\"elementor-widget-wrap\">\n\t\t\t\t\t\t\t<\/div>\n\t\t<\/div>\n\t\t\t\t\t<\/div>\n\t\t<\/section>\n\t\t\t\t\t<\/div>\n\t\t<\/div>\n\t\t\t\t\t<\/div>\n\t\t<\/section>\n\t\t\t\t<section class=\"elementor-section elementor-top-section elementor-element elementor-element-a4ae60e elementor-section-boxed elementor-section-height-default elementor-section-height-default\" data-id=\"a4ae60e\" data-element_type=\"section\">\n\t\t\t\t\t\t<div class=\"elementor-container elementor-column-gap-default\">\n\t\t\t\t\t<div class=\"elementor-column elementor-col-100 elementor-top-column elementor-element elementor-element-ef19bbf\" data-id=\"ef19bbf\" data-element_type=\"column\">\n\t\t\t<div class=\"elementor-widget-wrap elementor-element-populated\">\n\t\t\t\t\t\t<div class=\"elementor-element elementor-element-839159a elementor-widget elementor-widget-image\" data-id=\"839159a\" data-element_type=\"widget\" data-widget_type=\"image.default\">\n\t\t\t\t<div class=\"elementor-widget-container\">\n\t\t\t\t\t\t\t\t\t\t\t\t\t<img decoding=\"async\" width=\"200\" height=\"100\" src=\"https:\/\/www.parknfly.ca\/wp-content\/uploads\/2021\/08\/Aegis_Prim_RGB_SM-200.jpg\" class=\"attachment-medium size-medium wp-image-15418\" alt=\"\" \/>\t\t\t\t\t\t\t\t\t\t\t\t\t<\/div>\n\t\t\t\t<\/div>\n\t\t\t\t\t<\/div>\n\t\t<\/div>\n\t\t\t\t\t<\/div>\n\t\t<\/section>\n\t\t\t\t<section class=\"elementor-section elementor-top-section elementor-element elementor-element-f41d4af elementor-section-boxed elementor-section-height-default elementor-section-height-default\" data-id=\"f41d4af\" data-element_type=\"section\">\n\t\t\t\t\t\t<div class=\"elementor-container elementor-column-gap-default\">\n\t\t\t\t\t<div class=\"elementor-column elementor-col-100 elementor-top-column elementor-element elementor-element-504f3ce\" data-id=\"504f3ce\" data-element_type=\"column\">\n\t\t\t<div class=\"elementor-widget-wrap elementor-element-populated\">\n\t\t\t\t\t\t<div class=\"elementor-element elementor-element-d9c8762 elementor-widget elementor-widget-text-editor\" data-id=\"d9c8762\" data-element_type=\"widget\" data-widget_type=\"text-editor.default\">\n\t\t\t\t<div class=\"elementor-widget-container\">\n\t\t\t\t\t\t\t<p>Depuis le d\u00e9but de la pand\u00e9mie, Park&#8217;N Fly s\u2019est concentr\u00e9 sur la mise en place d\u2019un ensemble complet de mesures et de protocoles de s\u00e9curit\u00e9 afin de cr\u00e9er un environnement propre pour nos pr\u00e9cieux clients et employ\u00e9s. Utiliser la technologie antimicrobienne AEGIS Microbe Shield dans toutes les installations et les navettes de Park\u2019N Fly \u00e0 travers le Canada est l\u2019une des pratiques que nous avons adopt\u00e9es, ainsi que plusieurs autres protocoles sanitaires et de nettoyage rigoureux que nous avons mis en place dans le cadre de notre programme <a href=\"https:\/\/www.parknfly.ca\/fr\/stationnez-securite\/\">StationnementS\u00e9curitaire<\/a>.<\/p><p>Dans le cadre du programme \u00abStationnementS\u00e9curitaire\u00bb, Park\u2019N Fly a mis en place l\u2019utilisation d\u2019AEGIS Microbe Shield<sup>\u00ae<\/sup>, \u00a0une technologie antimicrobienne r\u00e9volutionnaire et hautement efficace \u00e0 base de silane quaternaire qui prot\u00e8ge les surfaces en inhibant la croissance de bact\u00e9ries responsables des taches et des odeurs caus\u00e9es par la moisissure, le mildiou et les champignons. Cette technologie est un antimicrobien liquide \u00e0 spectre complet adapt\u00e9 \u00e0 une utilisation dans un large \u00e9ventail de surfaces et d\u2019environnements. La technologie AEGIS<sup>\u00ae<\/sup> a un mode d\u2019action unique et est facile \u00e0 appliquer sur les surfaces, soit par pulv\u00e9risation ou la m\u00e9thode \u00ablaver et essuyer\u00bb.<\/p><p>Appuy\u00e9e par plus de 40 ans de contr\u00f4le et des tests, la technologie AEGIS<sup>\u00ae <\/sup>a des ant\u00e9c\u00e9dents d\u2019utilisation s\u00e9curitaire. Il s\u2019agit d\u2019un moyen durable et efficace de contr\u00f4ler une vaste gamme de microbes, y compris les bact\u00e9ries, les champignons, les algues, les moisissures et le mildiou sur les surfaces des milieux de la sant\u00e9, de l\u2019\u00e9ducation et des transports en commun. \u00a0\u00a0<\/p><p>AEGIS est inodore et incolore, et est enregistr\u00e9 aupr\u00e8s d\u2019organismes de r\u00e9glementation mondiaux comme Sant\u00e9 Canada, l\u2019Agence de protection de l\u2019environnement des \u00c9tats-Unis et l\u2019Agence europ\u00e9enne des produits chimiques \u00abECHA\u00bb. Ce protecteur de surface antimicrobien avanc\u00e9 compl\u00e8te les pratiques de nettoyage normales et offre un niveau suppl\u00e9mentaire de protection de la propret\u00e9 \u00e0 nos pr\u00e9cieux clients et employ\u00e9s.<\/p><p><a href=\"http:\/\/www.protect-technologies.com\/\">En apprendre davantage.<\/a><\/p>\t\t\t\t\t\t<\/div>\n\t\t\t\t<\/div>\n\t\t\t\t\t<\/div>\n\t\t<\/div>\n\t\t\t\t\t<\/div>\n\t\t<\/section>\n\t\t\t\t<\/div>\n\t\t","protected":false},"excerpt":{"rendered":"<p>Nous prenons votre s\u00e9curit\u00e9 au s\u00e9rieux Depuis le d\u00e9but de la pand\u00e9mie, Park&#8217;N Fly s\u2019est concentr\u00e9 sur la mise en place d\u2019un ensemble complet de mesures et de protocoles de s\u00e9curit\u00e9 afin de cr\u00e9er un environnement propre pour nos pr\u00e9cieux clients et employ\u00e9s. Utiliser la technologie antimicrobienne AEGIS Microbe Shield dans toutes les installations et &hellip; <a href=\"https:\/\/www.parknfly.ca\/fr\/aegis\/\">Continuer<\/a><\/p>\n","protected":false},"author":10,"featured_media":0,"parent":0,"menu_order":0,"comment_status":"closed","ping_status":"closed","template":"","meta":{"_acf_changed":false,"_monsterinsights_skip_tracking":false,"_monsterinsights_sitenote_active":false,"_monsterinsights_sitenote_note":"","_monsterinsights_sitenote_category":0,"footnotes":""},"yst_prominent_words":[2955,38],"class_list":["post-15432","page","type-page","status-publish","hentry"],"acf":[],"_links":{"self":[{"href":"https:\/\/www.parknfly.ca\/fr\/wp-json\/wp\/v2\/pages\/15432","targetHints":{"allow":["GET"]}}],"collection":[{"href":"https:\/\/www.parknfly.ca\/fr\/wp-json\/wp\/v2\/pages"}],"about":[{"href":"https:\/\/www.parknfly.ca\/fr\/wp-json\/wp\/v2\/types\/page"}],"author":[{"embeddable":true,"href":"https:\/\/www.parknfly.ca\/fr\/wp-json\/wp\/v2\/users\/10"}],"replies":[{"embeddable":true,"href":"https:\/\/www.parknfly.ca\/fr\/wp-json\/wp\/v2\/comments?post=15432"}],"version-history":[{"count":23,"href":"https:\/\/www.parknfly.ca\/fr\/wp-json\/wp\/v2\/pages\/15432\/revisions"}],"predecessor-version":[{"id":15995,"href":"https:\/\/www.parknfly.ca\/fr\/wp-json\/wp\/v2\/pages\/15432\/revisions\/15995"}],"wp:attachment":[{"href":"https:\/\/www.parknfly.ca\/fr\/wp-json\/wp\/v2\/media?parent=15432"}],"wp:term":[{"taxonomy":"yst_prominent_words","embeddable":true,"href":"https:\/\/www.parknfly.ca\/fr\/wp-json\/wp\/v2\/yst_prominent_words?post=15432"}],"curies":[{"name":"wp","href":"https:\/\/api.w.org\/{rel}","templated":true}]}}