{"id":13154,"date":"2020-09-28T17:57:08","date_gmt":"2020-09-28T17:57:08","guid":{"rendered":"https:\/\/www.parknfly.ca\/?page_id=13154"},"modified":"2022-05-31T14:52:27","modified_gmt":"2022-05-31T14:52:27","slug":"stationnez-en-toute-securite","status":"publish","type":"page","link":"https:\/\/www.parknfly.ca\/fr\/stationnez-en-toute-securite\/","title":{"rendered":"Stationnez en Toute S\u00e9curit\u00e9"},"content":{"rendered":"\t\t<div data-elementor-type=\"wp-page\" data-elementor-id=\"13154\" class=\"elementor elementor-13154 elementor-10809\" data-elementor-post-type=\"page\">\n\t\t\t\t\t\t<section class=\"elementor-section elementor-top-section elementor-element elementor-element-12742be elementor-section-height-min-height elementor-section-items-top elementor-section-stretched elementor-section-boxed elementor-section-height-default\" data-id=\"12742be\" data-element_type=\"section\" data-settings=\"{&quot;background_background&quot;:&quot;classic&quot;,&quot;stretch_section&quot;:&quot;section-stretched&quot;}\">\n\t\t\t\t\t\t\t<div class=\"elementor-background-overlay\"><\/div>\n\t\t\t\t\t\t\t<div class=\"elementor-container elementor-column-gap-default\">\n\t\t\t\t\t<div class=\"elementor-column elementor-col-100 elementor-top-column elementor-element elementor-element-db6ee88\" data-id=\"db6ee88\" data-element_type=\"column\">\n\t\t\t<div class=\"elementor-widget-wrap elementor-element-populated\">\n\t\t\t\t\t\t<section class=\"elementor-section elementor-inner-section elementor-element elementor-element-f4ebaa7 elementor-section-full_width elementor-section-content-top elementor-section-height-default elementor-section-height-default\" data-id=\"f4ebaa7\" data-element_type=\"section\">\n\t\t\t\t\t\t<div class=\"elementor-container elementor-column-gap-default\">\n\t\t\t\t\t<div class=\"elementor-column elementor-col-50 elementor-inner-column elementor-element elementor-element-83650f5\" data-id=\"83650f5\" data-element_type=\"column\">\n\t\t\t<div class=\"elementor-widget-wrap elementor-element-populated\">\n\t\t\t\t\t\t<div class=\"elementor-element elementor-element-a82d99b elementor-widget elementor-widget-heading\" data-id=\"a82d99b\" data-element_type=\"widget\" data-widget_type=\"heading.default\">\n\t\t\t\t<div class=\"elementor-widget-container\">\n\t\t\t<h1 class=\"elementor-heading-title elementor-size-default\">Stationnement S\u00e9curitaire chez Park\u2019N Fly <!--[if gte mso 9]&gt;-->\n \n  Normal\n  0\n  \n  \n  \n  \n  false\n  false\n  false\n  \n  EN-CA\n  X-NONE\n  X-NONE\n  \n   \n   \n   \n   \n   \n   \n   \n   \n   \n  \n  MicrosoftInternetExplorer4\n  \n   \n   \n   \n   \n   \n   \n   \n   \n   \n   \n   \n  \n<!--[if gte mso 9]&gt;-->\n \n  \n  \n  \n  \n  \n  \n  \n  \n  \n  \n  \n  \n  \n  \n  \n  \n  \n  \n  \n  \n  \n  \n  \n  \n  \n  \n  \n  \n  \n  \n  \n  \n  \n  \n  \n  \n  \n  \n  \n  \n  \n  \n  \n  \n  \n  \n  \n  \n  \n  \n  \n  \n  \n  \n  \n  \n  \n  \n  \n  \n  \n  \n  \n  \n  \n  \n  \n  \n  \n  \n  \n  \n  \n  \n  \n  \n  \n  \n  \n  \n  \n  \n  \n  \n  \n  \n  \n  \n  \n  \n  \n  \n  \n  \n  \n  \n  \n  \n  \n  \n  \n  \n  \n  \n  \n  \n  \n  \n  \n  \n  \n  \n  \n  \n  \n  \n  \n  \n  \n  \n  \n  \n  \n  \n  \n  \n  \n  \n  \n  \n  \n  \n  \n  \n  \n  \n  \n  \n  \n  \n  \n  \n  \n  \n  \n  \n  \n  \n  \n  \n  \n  \n  \n  \n  \n  \n  \n  \n  \n  \n  \n  \n  \n  \n  \n  \n  \n  \n  \n  \n  \n  \n  \n  \n  \n  \n  \n  \n  \n  \n  \n  \n  \n  \n  \n  \n  \n  \n  \n  \n  \n  \n  \n  \n  \n  \n  \n  \n  \n  \n  \n  \n  \n  \n  \n  \n  \n  \n  \n  \n  \n  \n  \n  \n  \n  \n  \n  \n  \n  \n  \n  \n  \n  \n  \n  \n  \n  \n  \n  \n  \n  \n  \n  \n  \n  \n  \n  \n  \n  \n  \n  \n  \n  \n  \n  \n  \n  \n  \n  \n  \n  \n  \n  \n  \n  \n  \n  \n  \n  \n  \n  \n  \n  \n  \n  \n  \n  \n  \n  \n  \n  \n  \n  \n  \n  \n  \n  \n  \n  \n  \n  \n  \n  \n  \n  \n  \n  \n  \n  \n  \n  \n  \n  \n  \n  \n  \n  \n  \n  \n  \n  \n  \n  \n  \n  \n  \n  \n  \n  \n  \n  \n  \n  \n  \n  \n  \n  \n  \n  \n  \n  \n  \n  \n  \n  \n  \n  \n  \n  \n  \n  \n  \n  \n  \n  \n  \n  \n  \n  \n  \n  \n  \n  \n  \n  \n  \n  \n  \n  \n  \n  \n  \n  \n  \n  \n  \n  \n  \n  \n  \n  \n  \n  \n  \n  \n  \n  \n  \n  \n  \n  \n  \n  \n  \n  \n \n<!--[if gte mso 10]&gt;-->\n\n \/* Style Definitions *\/\n table.MsoNormalTable\n\t{mso-style-name:\"Table Normal\";\n\tmso-tstyle-rowband-size:0;\n\tmso-tstyle-colband-size:0;\n\tmso-style-noshow:yes;\n\tmso-style-priority:99;\n\tmso-style-parent:\"\";\n\tmso-padding-alt:0in 5.4pt 0in 5.4pt;\n\tmso-para-margin:0in;\n\tmso-pagination:widow-orphan;\n\tfont-size:10.0pt;\n\tfont-family:\"Times New Roman\",serif;}\n\n<b><span style=\"font-size:11.0pt;,sans-serif;text-transform:uppercase\"><\/span><\/b><\/h1>\t\t<\/div>\n\t\t\t\t<\/div>\n\t\t\t\t<div class=\"elementor-element elementor-element-88d8b74 elementor-widget elementor-widget-text-editor\" data-id=\"88d8b74\" data-element_type=\"widget\" data-widget_type=\"text-editor.default\">\n\t\t\t\t<div class=\"elementor-widget-container\">\n\t\t\t\t\t\t\t<p>Vous \u00eates entre de bonnes mains<\/p>\t\t\t\t\t\t<\/div>\n\t\t\t\t<\/div>\n\t\t\t\t\t<\/div>\n\t\t<\/div>\n\t\t\t\t<div class=\"elementor-column elementor-col-50 elementor-inner-column elementor-element elementor-element-b78cb32\" data-id=\"b78cb32\" data-element_type=\"column\">\n\t\t\t<div class=\"elementor-widget-wrap\">\n\t\t\t\t\t\t\t<\/div>\n\t\t<\/div>\n\t\t\t\t\t<\/div>\n\t\t<\/section>\n\t\t\t\t\t<\/div>\n\t\t<\/div>\n\t\t\t\t\t<\/div>\n\t\t<\/section>\n\t\t\t\t<section class=\"elementor-section elementor-top-section elementor-element elementor-element-d13beb7 elementor-section-boxed elementor-section-height-default elementor-section-height-default\" data-id=\"d13beb7\" data-element_type=\"section\">\n\t\t\t\t\t\t<div class=\"elementor-container elementor-column-gap-default\">\n\t\t\t\t\t<div class=\"elementor-column elementor-col-100 elementor-top-column elementor-element elementor-element-439e540\" data-id=\"439e540\" data-element_type=\"column\">\n\t\t\t<div class=\"elementor-widget-wrap elementor-element-populated\">\n\t\t\t\t\t\t<div class=\"elementor-element elementor-element-52095d8 elementor-widget elementor-widget-heading\" data-id=\"52095d8\" data-element_type=\"widget\" data-widget_type=\"heading.default\">\n\t\t\t\t<div class=\"elementor-widget-container\">\n\t\t\t<h1 class=\"elementor-heading-title elementor-size-default\"><h2 data-elementor-setting-key=\"title\" data-pen-placeholder=\"Type Here...\">Stationnement S\u00e9curitaire <\/h2><\/h1>\t\t<\/div>\n\t\t\t\t<\/div>\n\t\t\t\t<div class=\"elementor-element elementor-element-d9e488b elementor-widget elementor-widget-text-editor\" data-id=\"d9e488b\" data-element_type=\"widget\" data-widget_type=\"text-editor.default\">\n\t\t\t\t<div class=\"elementor-widget-container\">\n\t\t\t\t\t\t\t<p>La s\u00e9curit\u00e9 de nos clients et de nos employ\u00e9s est notre priorit\u00e9 num\u00e9ro un. Vous pouvez \u00eatre assur\u00e9 qu\u2019\u00e0 partir du moment o\u00f9 vous arrivez \u00e0 l\u2019un de nos emplacements, utilisez la navette vers et depuis le terminal et revenez r\u00e9cup\u00e9rer votre v\u00e9hicule, que Park\u2019N Fly s\u2019engage \u00e0 garantir une exp\u00e9rience de stationnement s\u00fbre et s\u00e9curitaire.<\/p><p>Faisant partie de notre r\u00e9ponse \u00e0 la COVID-19, Park\u2019N Fly continuera \u00e0 suivre toutes les r\u00e9glementations provinciales et f\u00e9d\u00e9rales. Les mesures comprennent :<\/p>\t\t\t\t\t\t<\/div>\n\t\t\t\t<\/div>\n\t\t\t\t\t<\/div>\n\t\t<\/div>\n\t\t\t\t\t<\/div>\n\t\t<\/section>\n\t\t\t\t<section class=\"elementor-section elementor-top-section elementor-element elementor-element-e604aad elementor-section-boxed elementor-section-height-default elementor-section-height-default\" data-id=\"e604aad\" data-element_type=\"section\">\n\t\t\t\t\t\t<div class=\"elementor-container elementor-column-gap-default\">\n\t\t\t\t\t<div class=\"elementor-column elementor-col-50 elementor-top-column elementor-element elementor-element-62dfb8d\" data-id=\"62dfb8d\" data-element_type=\"column\">\n\t\t\t<div class=\"elementor-widget-wrap elementor-element-populated\">\n\t\t\t\t\t\t<div class=\"elementor-element elementor-element-cf49c23 elementor-widget elementor-widget-text-editor\" data-id=\"cf49c23\" data-element_type=\"widget\" data-widget_type=\"text-editor.default\">\n\t\t\t\t<div class=\"elementor-widget-container\">\n\t\t\t\t\t\t\t<h3>S\u00e9curit\u00e9 personnelle<strong><br \/><\/strong><\/h3><p>Alors que les gouvernements provincial et f\u00e9d\u00e9ral continuent d\u2019assouplir les restrictions li\u00e9es \u00e0 la COVID-19, Park\u2019N Fly continue de mettre \u00e0 jour ses politiques et ses protocoles afin de les harmoniser avec la r\u00e9glementation provinciale actuelle. Les lignes directrices sur le port du masque pour les passagers \u00e0 bord des navettes de Park\u2019N Fly sont \u00e9tablies \u00e0 l\u2019\u00e9chelle provinciale et d\u00e9pendent des r\u00e8glements en vigueur.\u00a0 Les voyageurs et les conducteurs de navette peuvent \u00eatre tenus de porter un masque lorsqu\u2019ils voyagent dans une navette Park\u2019N Fly pour se rendre ou revenir du terminal. Veuillez communiquer directement avec l\u2019emplacement pour obtenir des directives sp\u00e9cifiques \u00e0 l\u2019emplacement.<\/p>\t\t\t\t\t\t<\/div>\n\t\t\t\t<\/div>\n\t\t\t\t\t<\/div>\n\t\t<\/div>\n\t\t\t\t<div class=\"elementor-column elementor-col-50 elementor-top-column elementor-element elementor-element-2ac811a\" data-id=\"2ac811a\" data-element_type=\"column\">\n\t\t\t<div class=\"elementor-widget-wrap elementor-element-populated\">\n\t\t\t\t\t\t<div class=\"elementor-element elementor-element-172fe96 elementor-widget elementor-widget-text-editor\" data-id=\"172fe96\" data-element_type=\"widget\" data-widget_type=\"text-editor.default\">\n\t\t\t\t<div class=\"elementor-widget-container\">\n\t\t\t\t\t\t\t<h3>S\u00e9curit\u00e9<\/h3><p>Avec Park\u2019N Fly, voyagez en ayant moins de soucis, sachant que votre v\u00e9hicule est gard\u00e9 dans notre emplacement bien \u00e9clair\u00e9, cl\u00f4tur\u00e9 et surveill\u00e9.<\/p>\t\t\t\t\t\t<\/div>\n\t\t\t\t<\/div>\n\t\t\t\t<div class=\"elementor-element elementor-element-59b4469 elementor-widget elementor-widget-text-editor\" data-id=\"59b4469\" data-element_type=\"widget\" data-widget_type=\"text-editor.default\">\n\t\t\t\t<div class=\"elementor-widget-container\">\n\t\t\t\t\t\t\t<h3>Mesures sanitaires<\/h3><p>L\u2019AEGIS Microbe Shield, un protecteur de surface antimicrobien, a \u00e9t\u00e9 appliqu\u00e9 dans toutes les installations de Park\u2019N Fly et les navettes, partout au Canada. Cette innovation offre un niveau de protection suppl\u00e9mentaire \u00e0 nos pr\u00e9cieux clients et employ\u00e9s.<br \/><br \/><\/p><h3>Protocoles de nettoyage<\/h3><p>Park\u2019N Fly continue \u00e0 fournir une suite de protocoles de nettoyage rigoureux \u00e0 chaque point de contact pendant l\u2019exp\u00e9rience de stationnement. Ceci comprend tous les kiosques d\u2019enregistrement, les stations de paiement, les comptoirs et les navettes.<\/p>\t\t\t\t\t\t<\/div>\n\t\t\t\t<\/div>\n\t\t\t\t\t<\/div>\n\t\t<\/div>\n\t\t\t\t\t<\/div>\n\t\t<\/section>\n\t\t\t\t<section class=\"elementor-section elementor-top-section elementor-element elementor-element-c20d493 elementor-section-boxed elementor-section-height-default elementor-section-height-default\" data-id=\"c20d493\" data-element_type=\"section\">\n\t\t\t\t\t\t<div class=\"elementor-container elementor-column-gap-default\">\n\t\t\t\t\t<div class=\"elementor-column elementor-col-50 elementor-top-column elementor-element elementor-element-8ad0850\" data-id=\"8ad0850\" data-element_type=\"column\">\n\t\t\t<div class=\"elementor-widget-wrap elementor-element-populated\">\n\t\t\t\t\t\t<div class=\"elementor-element elementor-element-2929620 elementor-widget elementor-widget-image\" data-id=\"2929620\" data-element_type=\"widget\" data-widget_type=\"image.default\">\n\t\t\t\t<div class=\"elementor-widget-container\">\n\t\t\t\t\t\t\t\t\t\t\t\t\t<img decoding=\"async\" width=\"57\" height=\"51\" src=\"https:\/\/www.parknfly.ca\/wp-content\/uploads\/2022\/03\/Picture1.png\" class=\"attachment-large size-large wp-image-17111\" alt=\"\" \/>\t\t\t\t\t\t\t\t\t\t\t\t\t<\/div>\n\t\t\t\t<\/div>\n\t\t\t\t\t<\/div>\n\t\t<\/div>\n\t\t\t\t<div class=\"elementor-column elementor-col-50 elementor-top-column elementor-element elementor-element-1b9d8ac\" data-id=\"1b9d8ac\" data-element_type=\"column\">\n\t\t\t<div class=\"elementor-widget-wrap elementor-element-populated\">\n\t\t\t\t\t\t<div class=\"elementor-element elementor-element-f5960e8 elementor-widget elementor-widget-text-editor\" data-id=\"f5960e8\" data-element_type=\"widget\" data-widget_type=\"text-editor.default\">\n\t\t\t\t<div class=\"elementor-widget-container\">\n\t\t\t\t\t\t\t<h3><span style=\"mso-bidi-font-family: Calibri; mso-bidi-theme-font: minor-latin;\">Aide aux bagages<\/span> <\/h3><p>Notre service d\u2019aide aux bagages de renom est maintenant disponible une fois de plus. Obtenez de l\u2019aide avec vos bagages aupr\u00e8s de nos sympathiques conducteurs de navette et Stationnez sans souci!<\/p>\t\t\t\t\t\t<\/div>\n\t\t\t\t<\/div>\n\t\t\t\t\t<\/div>\n\t\t<\/div>\n\t\t\t\t\t<\/div>\n\t\t<\/section>\n\t\t\t\t<\/div>\n\t\t","protected":false},"excerpt":{"rendered":"<p>Stationnement S\u00e9curitaire chez Park\u2019N Fly Vous \u00eates entre de bonnes mains Stationnement S\u00e9curitaire La s\u00e9curit\u00e9 de nos clients et de nos employ\u00e9s est notre priorit\u00e9 num\u00e9ro un. Vous pouvez \u00eatre assur\u00e9 qu\u2019\u00e0 partir du moment o\u00f9 vous arrivez \u00e0 l\u2019un de nos emplacements, utilisez la navette vers et depuis le terminal et revenez r\u00e9cup\u00e9rer votre &hellip; <a href=\"https:\/\/www.parknfly.ca\/fr\/stationnez-en-toute-securite\/\">Continuer<\/a><\/p>\n","protected":false},"author":10,"featured_media":0,"parent":0,"menu_order":0,"comment_status":"closed","ping_status":"closed","template":"","meta":{"_acf_changed":false,"_monsterinsights_skip_tracking":false,"_monsterinsights_sitenote_active":false,"_monsterinsights_sitenote_note":"","_monsterinsights_sitenote_category":0,"footnotes":""},"yst_prominent_words":[2108,381,1458,3670,38],"class_list":["post-13154","page","type-page","status-publish","hentry"],"acf":[],"_links":{"self":[{"href":"https:\/\/www.parknfly.ca\/fr\/wp-json\/wp\/v2\/pages\/13154","targetHints":{"allow":["GET"]}}],"collection":[{"href":"https:\/\/www.parknfly.ca\/fr\/wp-json\/wp\/v2\/pages"}],"about":[{"href":"https:\/\/www.parknfly.ca\/fr\/wp-json\/wp\/v2\/types\/page"}],"author":[{"embeddable":true,"href":"https:\/\/www.parknfly.ca\/fr\/wp-json\/wp\/v2\/users\/10"}],"replies":[{"embeddable":true,"href":"https:\/\/www.parknfly.ca\/fr\/wp-json\/wp\/v2\/comments?post=13154"}],"version-history":[{"count":67,"href":"https:\/\/www.parknfly.ca\/fr\/wp-json\/wp\/v2\/pages\/13154\/revisions"}],"predecessor-version":[{"id":17624,"href":"https:\/\/www.parknfly.ca\/fr\/wp-json\/wp\/v2\/pages\/13154\/revisions\/17624"}],"wp:attachment":[{"href":"https:\/\/www.parknfly.ca\/fr\/wp-json\/wp\/v2\/media?parent=13154"}],"wp:term":[{"taxonomy":"yst_prominent_words","embeddable":true,"href":"https:\/\/www.parknfly.ca\/fr\/wp-json\/wp\/v2\/yst_prominent_words?post=13154"}],"curies":[{"name":"wp","href":"https:\/\/api.w.org\/{rel}","templated":true}]}}